{"id":1888,"date":"2022-11-23T11:36:36","date_gmt":"2022-11-23T10:36:36","guid":{"rendered":"https:\/\/farinawines.com\/?page_id=1888"},"modified":"2026-02-23T11:08:31","modified_gmt":"2026-02-23T10:08:31","slug":"godo","status":"publish","type":"page","link":"https:\/\/farinawines.com\/en\/godo\/","title":{"rendered":"Wines \u2013 Enjoyed"},"content":{"rendered":"<div class=\"wpb-content-wrapper\"><div data-parent=\"true\" class=\"vc_row style-color-wayh-bg row-container with-kburns onepage-section\" data-label=\"Header\" data-name=\"header\" id=\"row-unique-0\"><div class=\"row-background background-element\">\n\t\t\t\t\t\t\t\t\t\t\t<div class=\"background-wrapper\">\n\t\t\t\t\t\t\t\t\t\t\t\t<div class=\"background-inner self-video uncode-video-container\" style=\"background-repeat: no-repeat;background-position: center bottom;background-attachment: scroll;background-size: cover;\"><div style=\"width: 640px;\" class=\"wp-video\"><!--[if lt IE 9]><script>document.createElement('video');<\/script><![endif]-->\n<video onloadeddata=\"this.play();\" loop playsinline muted data-keepplaying class=\"background-video-shortcode\" data-ratio=\"1.8962962962963\" id=\"video-1888-1\" width=\"640\" height=\"360\" preload=\"metadata\" ><source type=\"video\/mp4\" src=\"https:\/\/farinawines.com\/wp-content\/uploads\/2022\/12\/pexels-roman-odintsov-5657050.mp4?_=1\" \/><a href=\"https:\/\/farinawines.com\/wp-content\/uploads\/2022\/12\/pexels-roman-odintsov-5657050.mp4\">https:\/\/farinawines.com\/wp-content\/uploads\/2022\/12\/pexels-roman-odintsov-5657050.mp4<\/a><\/video><\/div><\/div>\n\t\t\t\t\t\t\t\t\t\t\t\t<div class=\"block-bg-overlay style-color-wayh-bg\" style=\"opacity: 0.5;\"><\/div>\n\t\t\t\t\t\t\t\t\t\t\t<\/div>\n\t\t\t\t\t\t\t\t\t\t<\/div><div class=\"row quad-top-padding quad-bottom-padding single-h-padding limit-width row-parent\" data-height-ratio=\"full\"><div class=\"wpb_row row-inner\"><div class=\"wpb_column pos-middle pos-center align_center column_parent col-lg-12 double-internal-gutter\"><div class=\"uncol style-dark animate_when_almost_visible bottom-t-top\"  data-delay=\"200\" data-speed=\"1000\"><div class=\"uncoltable\"><div class=\"uncell\" ><div class=\"uncont no-block-padding col-custom-width\" style=\" max-width:996px;\" ><div class=\"vc_custom_heading_wrap tpage\"><div class=\"heading-text el-text\" ><h3 class=\"font-513907 h3 font-weight-500 text-uppercase\" ><span>God\u00f2<\/span><\/h3><\/div><div class=\"clear\"><\/div><\/div><div class=\"vc_custom_heading_wrap mobile-hidden\"><div class=\"heading-text el-text alpha-anim animate_when_almost_visible\" data-delay=\"300\" data-speed=\"800\"><h1 class=\"font-348806 h1 font-weight-400\" ><span>Fresh, original, highly enjoyable wines.<\/span><\/h1><\/div><div class=\"clear\"><\/div><\/div><div class=\"vc_custom_heading_wrap desktop-hidden tablet-hidden\"><div class=\"heading-text el-text alpha-anim animate_when_almost_visible\" data-delay=\"300\" data-speed=\"800\"><h1 class=\"font-348806 h1 font-weight-400\" ><span>Fresh, original, highly enjoyable wines.<\/span><\/h1><\/div><div class=\"clear\"><\/div><\/div><div class=\"empty-space empty-double tablet-hidden mobile-hidden\" ><span class=\"empty-space-inner\"><\/span><\/div>\n<\/div><\/div><\/div><\/div><\/div><script id=\"script-row-unique-0\" data-row=\"script-row-unique-0\" type=\"text\/javascript\" class=\"vc_controls\">UNCODE.initRow(document.getElementById(\"row-unique-0\"));<\/script><\/div><\/div><\/div><div data-parent=\"true\" class=\"vc_row row-container onepage-section\" data-label=\"Wine Tours\" data-name=\"wine-tours\" id=\"row-unique-1\"><div class=\"row quad-top-padding triple-bottom-padding triple-h-padding limit-width row-parent\"><div class=\"wpb_row row-inner\"><div class=\"wpb_column pos-top pos-center align_center column_parent col-lg-12 single-internal-gutter\"><div class=\"uncol style-light\"  ><div class=\"uncoltable\"><div class=\"uncell no-block-padding\" ><div class=\"uncont\" ><div class=\"vc_custom_heading_wrap\"><div class=\"heading-text el-text\" ><h2 class=\"font-348806 h2 font-weight-400\" ><span>There are occasions that require easy-going, fresh and immensely pleasant wines. <span style=\"font-family: CanelaItalic;\">God\u00f2<\/span> refers to the Italian word enjoy, evoking pleasure and enjoyment. That&#039;s exactly what we were looking for when we created this line of sparkling and still wines made from grapes traditionally grown in the fine wine regions of the Veneto region.<\/span><\/h2><\/div><div class=\"clear\"><\/div><\/div><\/div><\/div><\/div><\/div><\/div><script id=\"script-row-unique-1\" data-row=\"script-row-unique-1\" type=\"text\/javascript\" class=\"vc_controls\">UNCODE.initRow(document.getElementById(\"row-unique-1\"));<\/script><\/div><\/div><\/div><div data-parent=\"true\" class=\"vc_row row-container\" id=\"row-unique-2\"><div class=\"row single-top-padding double-bottom-padding no-h-padding full-width row-parent\"><div class=\"wpb_row row-inner\"><div class=\"wpb_column pos-middle pos-center align_left column_parent col-lg-12 no-internal-gutter\"><div class=\"uncol style-light\"  ><div class=\"uncoltable\"><div class=\"uncell no-block-padding\" ><div class=\"uncont\" ><div class=\"owl-carousel-wrapper\" >\n\t\t\t\t\t\t\t\t\t\t\t\t\t<div class=\"owl-carousel-container owl-carousel-loading single-gutter\" >\t\t\t\t\t\t\t\t\t\t\t\t<div id=\"index-871681\" class=\"owl-carousel owl-element owl-height-auto\" data-navmobile=\"false\" data-navspeed=\"400\" data-autoplay=\"true\" data-timeout=\"3000\" data-stagepadding=\"25\" data-lg=\"4\" data-md=\"3\" data-sm=\"2\" data-vp-height=\"false\">\t\t\t<div class=\"tmb tmb-carousel atc-typography-inherit tmb-iso-h33 tmb-light tmb-content-center tmb-meta-size-large  tmb-no-double-tap tmb-id-1739 tmb-content-under tmb-media-first tmb-no-bg\" ><div class=\"t-inside animate_when_almost_visible alpha-anim\" data-speed=\"800\"><div class=\"t-entry-visual\"><div class=\"t-entry-visual-tc\"><div class=\"t-entry-visual-cont\"><div class=\"dummy\" style=\"padding-top: 164.4%;\"><\/div><a tabindex=\"-1\" href=\"https:\/\/farinawines.com\/en\/vino\/rosso-veronese-igt-godo\/\" class=\"pushed\" target=\"_self\" data-lb-index=\"0\"><div class=\"t-entry-visual-overlay\"><div class=\"t-entry-visual-overlay-in style-dark-bg\" style=\"opacity: 0.6;\"><\/div><\/div><img decoding=\"async\" class=\"wp-image-1740\" src=\"https:\/\/farinawines.com\/wp-content\/uploads\/2022\/11\/1573147967.1124_Godo-Rosso-Veronese.png\" width=\"450\" height=\"740\" alt=\"God\u00f2 Rosso Veronese\" srcset=\"https:\/\/farinawines.com\/wp-content\/uploads\/2022\/11\/1573147967.1124_Godo-Rosso-Veronese.png 450w, https:\/\/farinawines.com\/wp-content\/uploads\/2022\/11\/1573147967.1124_Godo-Rosso-Veronese-182x300.png 182w, https:\/\/farinawines.com\/wp-content\/uploads\/2022\/11\/1573147967.1124_Godo-Rosso-Veronese-350x576.png 350w\" sizes=\"(max-width: 450px) 100vw, 450px\" \/><\/a><\/div>\n\t\t\t\t\t<\/div>\n\t\t\t\t<\/div><div class=\"t-entry-text\">\n\t\t\t\t\t\t\t\t\t<div class=\"t-entry-text-tc single-block-padding\"><div class=\"t-entry\"><div class=\"spacer spacer-one single-space\"><\/div><h3 class=\"t-entry-title font-348806 h3 font-weight-400 title-scale\"><a href=\"https:\/\/farinawines.com\/en\/vino\/rosso-veronese-igt-godo\/\" target=\"_self\">God\u00f2<\/br>Rosso Veronese IGT<\/a><\/h3><\/div><\/div>\n\t\t\t\t\t\t\t<\/div><\/div><\/div><div class=\"tmb tmb-carousel atc-typography-inherit tmb-iso-h33 tmb-light tmb-content-center tmb-meta-size-large  tmb-no-double-tap tmb-id-1746 tmb-content-under tmb-media-first tmb-no-bg\" ><div class=\"t-inside animate_when_almost_visible alpha-anim\" data-speed=\"800\"><div class=\"t-entry-visual\"><div class=\"t-entry-visual-tc\"><div class=\"t-entry-visual-cont\"><div class=\"dummy\" style=\"padding-top: 164.4%;\"><\/div><a tabindex=\"-1\" href=\"https:\/\/farinawines.com\/en\/vino\/bianco-veronese-igt-godo\/\" class=\"pushed\" target=\"_self\" data-lb-index=\"1\"><div class=\"t-entry-visual-overlay\"><div class=\"t-entry-visual-overlay-in style-dark-bg\" style=\"opacity: 0.6;\"><\/div><\/div><img decoding=\"async\" class=\"wp-image-1747\" src=\"https:\/\/farinawines.com\/wp-content\/uploads\/2022\/11\/1573147979.5645_Godo-Bianco-Veronese.png\" width=\"450\" height=\"740\" alt=\"God\u00f2 Bianco Veronese IGT\" srcset=\"https:\/\/farinawines.com\/wp-content\/uploads\/2022\/11\/1573147979.5645_Godo-Bianco-Veronese.png 450w, https:\/\/farinawines.com\/wp-content\/uploads\/2022\/11\/1573147979.5645_Godo-Bianco-Veronese-182x300.png 182w, https:\/\/farinawines.com\/wp-content\/uploads\/2022\/11\/1573147979.5645_Godo-Bianco-Veronese-350x576.png 350w\" sizes=\"(max-width: 450px) 100vw, 450px\" \/><\/a><\/div>\n\t\t\t\t\t<\/div>\n\t\t\t\t<\/div><div class=\"t-entry-text\">\n\t\t\t\t\t\t\t\t\t<div class=\"t-entry-text-tc single-block-padding\"><div class=\"t-entry\"><div class=\"spacer spacer-one single-space\"><\/div><h3 class=\"t-entry-title font-348806 h3 font-weight-400 title-scale\"><a href=\"https:\/\/farinawines.com\/en\/vino\/bianco-veronese-igt-godo\/\" target=\"_self\">God\u00f2<\/br>Bianco Veronese IGT<\/a><\/h3><\/div><\/div>\n\t\t\t\t\t\t\t<\/div><\/div><\/div><div class=\"tmb tmb-carousel atc-typography-inherit tmb-iso-h33 tmb-light tmb-content-center tmb-meta-size-large  tmb-no-double-tap tmb-id-1736 tmb-content-under tmb-media-first tmb-no-bg\" ><div class=\"t-inside animate_when_almost_visible alpha-anim\" data-speed=\"800\"><div class=\"t-entry-visual\"><div class=\"t-entry-visual-tc\"><div class=\"t-entry-visual-cont\"><div class=\"dummy\" style=\"padding-top: 164.4%;\"><\/div><a tabindex=\"-1\" href=\"https:\/\/farinawines.com\/en\/vino\/spumante-extra-dry-godo-blanc\/\" class=\"pushed\" target=\"_self\" data-lb-index=\"2\"><div class=\"t-entry-visual-overlay\"><div class=\"t-entry-visual-overlay-in style-dark-bg\" style=\"opacity: 0.6;\"><\/div><\/div><img decoding=\"async\" class=\"wp-image-1737\" src=\"https:\/\/farinawines.com\/wp-content\/uploads\/2022\/11\/1553181904.5908_Spumante-Extra-Dry-Bianco.png\" width=\"450\" height=\"740\" alt=\"\" srcset=\"https:\/\/farinawines.com\/wp-content\/uploads\/2022\/11\/1553181904.5908_Spumante-Extra-Dry-Bianco.png 450w, https:\/\/farinawines.com\/wp-content\/uploads\/2022\/11\/1553181904.5908_Spumante-Extra-Dry-Bianco-182x300.png 182w, https:\/\/farinawines.com\/wp-content\/uploads\/2022\/11\/1553181904.5908_Spumante-Extra-Dry-Bianco-350x576.png 350w\" sizes=\"(max-width: 450px) 100vw, 450px\" \/><\/a><\/div>\n\t\t\t\t\t<\/div>\n\t\t\t\t<\/div><div class=\"t-entry-text\">\n\t\t\t\t\t\t\t\t\t<div class=\"t-entry-text-tc single-block-padding\"><div class=\"t-entry\"><div class=\"spacer spacer-one single-space\"><\/div><h3 class=\"t-entry-title font-348806 h3 font-weight-400 title-scale\"><a href=\"https:\/\/farinawines.com\/en\/vino\/spumante-extra-dry-godo-blanc\/\" target=\"_self\">God\u00f2 Blanc<\/br>Spumante Extra Dry IGT<\/a><\/h3><\/div><\/div>\n\t\t\t\t\t\t\t<\/div><\/div><\/div><div class=\"tmb tmb-carousel atc-typography-inherit tmb-iso-h33 tmb-light tmb-content-center tmb-meta-size-large  tmb-no-double-tap tmb-id-1733 tmb-content-under tmb-media-first tmb-no-bg\" ><div class=\"t-inside animate_when_almost_visible alpha-anim\" data-speed=\"800\"><div class=\"t-entry-visual\"><div class=\"t-entry-visual-tc\"><div class=\"t-entry-visual-cont\"><div class=\"dummy\" style=\"padding-top: 164.4%;\"><\/div><a tabindex=\"-1\" href=\"https:\/\/farinawines.com\/en\/vino\/sparkling-extra-dry-godo-rose\/\" class=\"pushed\" target=\"_self\" data-lb-index=\"3\"><div class=\"t-entry-visual-overlay\"><div class=\"t-entry-visual-overlay-in style-dark-bg\" style=\"opacity: 0.6;\"><\/div><\/div><img decoding=\"async\" class=\"wp-image-1734\" src=\"https:\/\/farinawines.com\/wp-content\/uploads\/2022\/11\/1553182476.3035_Spumante-Extra-Dry-Rosso.png\" width=\"450\" height=\"740\" alt=\"God\u00f2 Ros\u00e9\" srcset=\"https:\/\/farinawines.com\/wp-content\/uploads\/2022\/11\/1553182476.3035_Spumante-Extra-Dry-Rosso.png 450w, https:\/\/farinawines.com\/wp-content\/uploads\/2022\/11\/1553182476.3035_Spumante-Extra-Dry-Rosso-182x300.png 182w, https:\/\/farinawines.com\/wp-content\/uploads\/2022\/11\/1553182476.3035_Spumante-Extra-Dry-Rosso-350x576.png 350w\" sizes=\"(max-width: 450px) 100vw, 450px\" \/><\/a><\/div>\n\t\t\t\t\t<\/div>\n\t\t\t\t<\/div><div class=\"t-entry-text\">\n\t\t\t\t\t\t\t\t\t<div class=\"t-entry-text-tc single-block-padding\"><div class=\"t-entry\"><div class=\"spacer spacer-one single-space\"><\/div><h3 class=\"t-entry-title font-348806 h3 font-weight-400 title-scale\"><a href=\"https:\/\/farinawines.com\/en\/vino\/sparkling-extra-dry-godo-rose\/\" target=\"_self\">God\u00f2 Ros\u00e9<\/br>Spumante Extra Dry IGT<\/a><\/h3><\/div><\/div>\n\t\t\t\t\t\t\t<\/div><\/div><\/div>\t\t<\/div>\t\n\t\n\n\t<\/div>\t\t\t\t<\/div>\n<\/div><\/div><\/div><\/div><\/div><script id=\"script-row-unique-2\" data-row=\"script-row-unique-2\" type=\"text\/javascript\" class=\"vc_controls\">UNCODE.initRow(document.getElementById(\"row-unique-2\"));<\/script><\/div><\/div><\/div><div data-parent=\"true\" class=\"vc_row row-container\" id=\"row-unique-3\"><div class=\"row limit-width row-parent\"><div class=\"wpb_row row-inner\"><div class=\"wpb_column pos-top pos-center align_left column_parent col-lg-12 single-internal-gutter\"><div class=\"uncol style-light\"  ><div class=\"uncoltable\"><div class=\"uncell no-block-padding\" ><div class=\"uncont\" ><div class=\"uncode_text_column\" ><\/div><\/div><\/div><\/div><\/div><\/div><script id=\"script-row-unique-3\" data-row=\"script-row-unique-3\" type=\"text\/javascript\" class=\"vc_controls\">UNCODE.initRow(document.getElementById(\"row-unique-3\"));<\/script><\/div><\/div><\/div>\n<\/div>","protected":false},"excerpt":{"rendered":"https:\/\/farinawines.com\/wp-content\/uploads\/2022\/11\/Sequenza-01.mp4 God\u00f2 Ros\u00e9Spumante Extra Dry IGTGod\u00f2 Ros\u00e9Spumante Extra Dry IGT CategoriaGod\u00f2TipologiaSpumanteOttimo vino perlato che porta nel bicchiere il profumo e [...]","protected":false},"author":2,"featured_media":1619,"parent":0,"menu_order":0,"comment_status":"closed","ping_status":"closed","template":"","meta":{"_themeisle_gutenberg_block_has_review":false,"footnotes":""},"class_list":["post-1888","page","type-page","status-publish","has-post-thumbnail","hentry"],"_links":{"self":[{"href":"https:\/\/farinawines.com\/en\/wp-json\/wp\/v2\/pages\/1888","targetHints":{"allow":["GET"]}}],"collection":[{"href":"https:\/\/farinawines.com\/en\/wp-json\/wp\/v2\/pages"}],"about":[{"href":"https:\/\/farinawines.com\/en\/wp-json\/wp\/v2\/types\/page"}],"author":[{"embeddable":true,"href":"https:\/\/farinawines.com\/en\/wp-json\/wp\/v2\/users\/2"}],"replies":[{"embeddable":true,"href":"https:\/\/farinawines.com\/en\/wp-json\/wp\/v2\/comments?post=1888"}],"version-history":[{"count":1,"href":"https:\/\/farinawines.com\/en\/wp-json\/wp\/v2\/pages\/1888\/revisions"}],"predecessor-version":[{"id":6714,"href":"https:\/\/farinawines.com\/en\/wp-json\/wp\/v2\/pages\/1888\/revisions\/6714"}],"wp:featuredmedia":[{"embeddable":true,"href":"https:\/\/farinawines.com\/en\/wp-json\/wp\/v2\/media\/1619"}],"wp:attachment":[{"href":"https:\/\/farinawines.com\/en\/wp-json\/wp\/v2\/media?parent=1888"}],"curies":[{"name":"wp","href":"https:\/\/api.w.org\/{rel}","templated":true}]}}