{"id":1916,"date":"2022-11-24T10:42:11","date_gmt":"2022-11-24T09:42:11","guid":{"rendered":"https:\/\/farinawines.com\/?page_id=1916"},"modified":"2026-02-23T10:26:00","modified_gmt":"2026-02-23T09:26:00","slug":"sociale","status":"publish","type":"page","link":"https:\/\/farinawines.com\/en\/solidarity\/","title":{"rendered":"Community"},"content":{"rendered":"<div class=\"wpb-content-wrapper\"><div data-parent=\"true\" class=\"vc_row style-color-wayh-bg row-container with-kburns onepage-section\" data-label=\"Header\" data-name=\"header\" id=\"row-unique-0\"><div class=\"row-background background-element\">\n\t\t\t\t\t\t\t\t\t\t\t<div class=\"background-wrapper\">\n\t\t\t\t\t\t\t\t\t\t\t\t<div class=\"background-inner self-video uncode-video-container\" style=\"background-repeat: no-repeat;background-position: center bottom;background-attachment: scroll;background-size: cover;\"><div style=\"width: 640px;\" class=\"wp-video\"><!--[if lt IE 9]><script>document.createElement('video');<\/script><![endif]-->\n<video onloadeddata=\"this.play();\" loop playsinline muted data-keepplaying class=\"background-video-shortcode\" data-ratio=\"1.7777777777778\" id=\"video-1916-1\" width=\"640\" height=\"360\" preload=\"metadata\" ><source type=\"video\/mp4\" src=\"https:\/\/farinawines.com\/wp-content\/uploads\/2022\/11\/Farina-Wines-Boutique-Tour-9_2022-HD_3.mp4?_=1\" \/><a href=\"https:\/\/farinawines.com\/wp-content\/uploads\/2022\/11\/Farina-Wines-Boutique-Tour-9_2022-HD_3.mp4\">https:\/\/farinawines.com\/wp-content\/uploads\/2022\/11\/Farina-Wines-Boutique-Tour-9_2022-HD_3.mp4<\/a><\/video><\/div><\/div>\n\t\t\t\t\t\t\t\t\t\t\t\t<div class=\"block-bg-overlay style-color-wayh-bg\" style=\"opacity: 0.5;\"><\/div>\n\t\t\t\t\t\t\t\t\t\t\t<\/div>\n\t\t\t\t\t\t\t\t\t\t<\/div><div class=\"row quad-top-padding quad-bottom-padding single-h-padding limit-width row-parent\" data-height-ratio=\"full\"><div class=\"wpb_row row-inner\"><div class=\"wpb_column pos-middle pos-center align_center column_parent col-lg-12 double-internal-gutter\"><div class=\"uncol style-dark animate_when_almost_visible bottom-t-top\"  data-delay=\"200\" data-speed=\"1000\"><div class=\"uncoltable\"><div class=\"uncell\" ><div class=\"uncont no-block-padding col-custom-width\" style=\" max-width:996px;\" ><div class=\"vc_custom_heading_wrap tpage\"><div class=\"heading-text el-text\" ><h3 class=\"font-513907 h3 font-weight-500 text-uppercase\" ><span>Community<\/span><\/h3><\/div><div class=\"clear\"><\/div><\/div><div class=\"vc_custom_heading_wrap mobile-hidden\"><div class=\"heading-text el-text alpha-anim animate_when_almost_visible\" data-delay=\"300\" data-speed=\"800\"><h1 class=\"font-348806 h1 font-weight-400\" ><span>Farina is involved, supporting local sports, arts, and philanthropic events<\/span><\/h1><\/div><div class=\"clear\"><\/div><\/div><div class=\"vc_custom_heading_wrap desktop-hidden tablet-hidden\"><div class=\"heading-text el-text alpha-anim animate_when_almost_visible\" data-delay=\"300\" data-speed=\"800\"><h1 class=\"font-348806 h1 font-weight-400\" ><span>Farina is involved, supporting local sports, arts, and philanthropic events<\/span><\/h1><\/div><div class=\"clear\"><\/div><\/div><\/div><\/div><\/div><\/div><\/div><script id=\"script-row-unique-0\" data-row=\"script-row-unique-0\" type=\"text\/javascript\" class=\"vc_controls\">UNCODE.initRow(document.getElementById(\"row-unique-0\"));<\/script><\/div><\/div><\/div><div data-parent=\"true\" class=\"vc_row row-container onepage-section\" data-label=\"Sociale\" data-name=\"sociale\" id=\"row-unique-1\"><div class=\"row quad-top-padding quad-bottom-padding triple-h-padding limit-width row-parent\"><div class=\"wpb_row row-inner\"><div class=\"wpb_column pos-top pos-center align_center column_parent col-lg-12 single-internal-gutter\"><div class=\"uncol style-light\"  ><div class=\"uncoltable\"><div class=\"uncell no-block-padding\" ><div class=\"uncont\" ><div class=\"empty-space empty-single\" ><span class=\"empty-space-inner\"><\/span><\/div>\n<div class=\"vc_custom_heading_wrap\"><div class=\"heading-text el-text\" ><h2 class=\"font-348806 h2 font-weight-400 translation-block\" ><span><span style=\"font-family: CanelaItalic\">Farina<\/span> has always made family values a distinctive element in all its business management activities and interactions with the local community. <span style=\"font-family: CanelaItalic\">Love<\/span>, <span style=\"font-family: CanelaItalic\">sharing<\/span>, <span style=\"font-family: CanelaItalic\">solidarity<\/span>, and <span style=\"font-family: CanelaItalic\">respect<\/span> are fundamental values that animate Farina's direct involvement in projects designed to improve the health of our land and relationships with our neighbors. Our priority is health, whether supporting healthy lifestyles through sports and the arts or medical research. We want to safeguard all forms of aggregation.<\/span>\n<br>\nDiscover our community partners:<\/h2><\/div><div class=\"clear\"><\/div><\/div><\/div><\/div><\/div><\/div><\/div><script id=\"script-row-unique-1\" data-row=\"script-row-unique-1\" type=\"text\/javascript\" class=\"vc_controls\">UNCODE.initRow(document.getElementById(\"row-unique-1\"));<\/script><\/div><\/div><\/div><div data-parent=\"true\" class=\"vc_row row-container onepage-section\" data-label=\"Sociale\" data-name=\"sociale\" id=\"row-unique-2\"><div class=\"row no-top-padding double-bottom-padding triple-h-padding limit-width row-parent\"><div class=\"wpb_row row-inner\"><div class=\"wpb_column pos-top pos-center align_center column_parent col-lg-12 single-internal-gutter\"><div class=\"uncol style-light\"  ><div class=\"uncoltable\"><div class=\"uncell no-block-padding\" ><div class=\"uncont\" ><div class=\"divider-wrapper\"  >\n    <hr class=\"border-color-jevc-color separator-no-padding\"  \/>\n<\/div>\n<div class=\"vc_custom_heading_wrap\"><div class=\"heading-text el-text\" ><h2 class=\"font-348806 h2 font-weight-400\" ><span>Pedemonte sports club<\/span><\/h2><\/div><div class=\"clear\"><\/div><\/div><div class=\"divider-wrapper\"  >\n    <hr class=\"border-color-jevc-color separator-no-padding\"  \/>\n<\/div>\n<div class=\"vc_custom_heading_wrap\"><div class=\"heading-text el-text\" ><h2 class=\"font-348806 h2 font-weight-400\" ><span>Dravet Italia Onlus<\/span><\/h2><\/div><div class=\"clear\"><\/div><\/div><div class=\"divider-wrapper\"  >\n    <hr class=\"border-color-jevc-color separator-no-padding\"  \/>\n<\/div>\n<div class=\"vc_custom_heading_wrap\"><div class=\"heading-text el-text\" ><h2 class=\"font-348806 h2 font-weight-400\" ><span>Avesani Luca Granfondo<\/span><\/h2><\/div><div class=\"clear\"><\/div><\/div><div class=\"divider-wrapper\"  >\n    <hr class=\"border-color-jevc-color separator-no-padding\"  \/>\n<\/div>\n<div class=\"vc_custom_heading_wrap\"><div class=\"heading-text el-text\" ><h2 class=\"font-348806 h2 font-weight-400\" ><span>ATD Negarine<\/span><\/h2><\/div><div class=\"clear\"><\/div><\/div><div class=\"divider-wrapper\"  >\n    <hr class=\"border-color-jevc-color separator-no-padding\"  \/>\n<\/div>\n<div class=\"vc_custom_heading_wrap\"><div class=\"heading-text el-text\" ><h2 class=\"font-348806 h2 font-weight-400\" ><span>Valpolicella Marathon<\/span><\/h2><\/div><div class=\"clear\"><\/div><\/div><div class=\"divider-wrapper\"  >\n    <hr class=\"border-color-jevc-color separator-no-padding\"  \/>\n<\/div>\n<div class=\"vc_custom_heading_wrap\"><div class=\"heading-text el-text\" ><h2 class=\"font-348806 h2 font-weight-400\" ><span>Golfing<\/span><\/h2><\/div><div class=\"clear\"><\/div><\/div><div class=\"divider-wrapper\"  >\n    <hr class=\"border-color-jevc-color separator-no-padding\"  \/>\n<\/div>\n<div class=\"vc_custom_heading_wrap\"><div class=\"heading-text el-text\" ><h2 class=\"font-348806 h2 font-weight-400\" ><span>Scaliger Ski Club<\/span><\/h2><\/div><div class=\"clear\"><\/div><\/div><div class=\"divider-wrapper\"  >\n    <hr class=\"border-color-jevc-color separator-no-padding\"  \/>\n<\/div>\n<div class=\"vc_custom_heading_wrap\"><div class=\"heading-text el-text\" ><h2 class=\"font-348806 h2 font-weight-400\" ><span>The flavors of solidarity<\/span><\/h2><\/div><div class=\"clear\"><\/div><\/div><div class=\"divider-wrapper\"  >\n    <hr class=\"border-color-jevc-color separator-no-padding\"  \/>\n<\/div>\n<div class=\"vc_custom_heading_wrap\"><div class=\"heading-text el-text\" ><h2 class=\"font-348806 h2 font-weight-400\" ><span>Good wine makes good theatre<\/span><\/h2><\/div><div class=\"clear\"><\/div><\/div><div class=\"divider-wrapper\"  >\n    <hr class=\"border-color-jevc-color separator-no-padding\"  \/>\n<\/div>\n<\/div><\/div><\/div><\/div><\/div><script id=\"script-row-unique-2\" data-row=\"script-row-unique-2\" type=\"text\/javascript\" class=\"vc_controls\">UNCODE.initRow(document.getElementById(\"row-unique-2\"));<\/script><\/div><\/div><\/div>\n<\/div>","protected":false},"excerpt":{"rendered":"https:\/\/farinawines.com\/wp-content\/uploads\/2022\/11\/Farina-Wines-Boutique-Tour-9_2022-HD_3.mp4 SocialeFarina \u00e8 impegnata in attivit\u00e0 di gestione aziendale e di salvaguardia del territorio.Farina \u00e8 impegnata in attivit\u00e0 di gestione [...]","protected":false},"author":2,"featured_media":960,"parent":0,"menu_order":0,"comment_status":"closed","ping_status":"closed","template":"","meta":{"_themeisle_gutenberg_block_has_review":false,"footnotes":""},"class_list":["post-1916","page","type-page","status-publish","has-post-thumbnail","hentry"],"_links":{"self":[{"href":"https:\/\/farinawines.com\/en\/wp-json\/wp\/v2\/pages\/1916","targetHints":{"allow":["GET"]}}],"collection":[{"href":"https:\/\/farinawines.com\/en\/wp-json\/wp\/v2\/pages"}],"about":[{"href":"https:\/\/farinawines.com\/en\/wp-json\/wp\/v2\/types\/page"}],"author":[{"embeddable":true,"href":"https:\/\/farinawines.com\/en\/wp-json\/wp\/v2\/users\/2"}],"replies":[{"embeddable":true,"href":"https:\/\/farinawines.com\/en\/wp-json\/wp\/v2\/comments?post=1916"}],"version-history":[{"count":1,"href":"https:\/\/farinawines.com\/en\/wp-json\/wp\/v2\/pages\/1916\/revisions"}],"predecessor-version":[{"id":6723,"href":"https:\/\/farinawines.com\/en\/wp-json\/wp\/v2\/pages\/1916\/revisions\/6723"}],"wp:featuredmedia":[{"embeddable":true,"href":"https:\/\/farinawines.com\/en\/wp-json\/wp\/v2\/media\/960"}],"wp:attachment":[{"href":"https:\/\/farinawines.com\/en\/wp-json\/wp\/v2\/media?parent=1916"}],"curies":[{"name":"wp","href":"https:\/\/api.w.org\/{rel}","templated":true}]}}