{"id":2166,"date":"2022-11-28T22:14:01","date_gmt":"2022-11-28T21:14:01","guid":{"rendered":"https:\/\/farinawines.com\/?page_id=2166"},"modified":"2026-02-23T10:22:12","modified_gmt":"2026-02-23T09:22:12","slug":"farina-people","status":"publish","type":"page","link":"https:\/\/farinawines.com\/en\/farina-people\/","title":{"rendered":"Farina People"},"content":{"rendered":"<div class=\"wpb-content-wrapper\"><div data-parent=\"true\" class=\"vc_row style-color-wayh-bg row-container with-kburns onepage-section\" data-label=\"Header\" data-name=\"header\" id=\"row-unique-0\"><div class=\"row-background background-element\">\n\t\t\t\t\t\t\t\t\t\t\t<div class=\"background-wrapper\">\n\t\t\t\t\t\t\t\t\t\t\t\t<div class=\"background-inner self-video uncode-video-container\" style=\"background-repeat: no-repeat;background-position: center bottom;background-attachment: scroll;background-size: cover;\"><div style=\"width: 640px;\" class=\"wp-video\"><!--[if lt IE 9]><script>document.createElement('video');<\/script><![endif]-->\n<video onloadeddata=\"this.play();\" loop playsinline muted data-keepplaying class=\"background-video-shortcode\" data-ratio=\"1.7777777777778\" id=\"video-2166-1\" width=\"640\" height=\"360\" preload=\"metadata\" ><source type=\"video\/mp4\" src=\"https:\/\/farinawines.com\/wp-content\/uploads\/2022\/12\/Farina-Wines-Boutique-Tour-9_2022-HD_10.mp4?_=1\" \/><a href=\"https:\/\/farinawines.com\/wp-content\/uploads\/2022\/12\/Farina-Wines-Boutique-Tour-9_2022-HD_10.mp4\">https:\/\/farinawines.com\/wp-content\/uploads\/2022\/12\/Farina-Wines-Boutique-Tour-9_2022-HD_10.mp4<\/a><\/video><\/div><\/div>\n\t\t\t\t\t\t\t\t\t\t\t\t<div class=\"block-bg-overlay style-color-wayh-bg\" style=\"opacity: 0.5;\"><\/div>\n\t\t\t\t\t\t\t\t\t\t\t<\/div>\n\t\t\t\t\t\t\t\t\t\t<\/div><div class=\"row quad-top-padding quad-bottom-padding single-h-padding limit-width row-parent\" data-height-ratio=\"full\"><div class=\"wpb_row row-inner\"><div class=\"wpb_column pos-middle pos-center align_center column_parent col-lg-12 double-internal-gutter\"><div class=\"uncol style-dark animate_when_almost_visible bottom-t-top\"  data-delay=\"200\" data-speed=\"1000\"><div class=\"uncoltable\"><div class=\"uncell\" ><div class=\"uncont no-block-padding col-custom-width\" style=\" max-width:996px;\" ><div class=\"vc_custom_heading_wrap tpage\"><div class=\"heading-text el-text\" ><h3 class=\"font-513907 h3 font-weight-500 text-uppercase\" ><span>Farina People<\/span><\/h3><\/div><div class=\"clear\"><\/div><\/div><div class=\"vc_custom_heading_wrap mobile-hidden\"><div class=\"heading-text el-text alpha-anim animate_when_almost_visible\" data-delay=\"300\" data-speed=\"800\"><h1 class=\"font-348806 h1 font-weight-400\" ><span>We believe that a positive and healthy community is essential for the health of Valpolicella.<\/span><\/h1><\/div><div class=\"clear\"><\/div><\/div><div class=\"vc_custom_heading_wrap desktop-hidden tablet-hidden\"><div class=\"heading-text el-text alpha-anim animate_when_almost_visible\" data-delay=\"300\" data-speed=\"800\"><h1 class=\"font-348806 h1 font-weight-400\" ><span>We believe that a positive and healthy community is essential for the health of Valpolicella.<\/span><\/h1><\/div><div class=\"clear\"><\/div><\/div><\/div><\/div><\/div><\/div><\/div><script id=\"script-row-unique-0\" data-row=\"script-row-unique-0\" type=\"text\/javascript\" class=\"vc_controls\">UNCODE.initRow(document.getElementById(\"row-unique-0\"));<\/script><\/div><\/div><\/div><div data-parent=\"true\" class=\"vc_row row-container onepage-section\" data-label=\"Trasparenza\" data-name=\"trasparenza\" id=\"row-unique-1\"><div class=\"row quad-top-padding no-bottom-padding triple-h-padding limit-width row-parent\"><div class=\"wpb_row row-inner\"><div class=\"wpb_column pos-top pos-center align_center column_parent col-lg-12 single-internal-gutter\"><div class=\"uncol style-light\"  ><div class=\"uncoltable\"><div class=\"uncell no-block-padding\" ><div class=\"uncont\" ><div class=\"empty-space empty-single\" ><span class=\"empty-space-inner\"><\/span><\/div>\n<div class=\"vc_custom_heading_wrap\"><div class=\"heading-text el-text\" ><h2 class=\"font-348806 h2 font-weight-400\" ><span><span style=\"font-family: CanelaItalic;\">Farina<\/span> \u00e8 un&#8217;azienda a conduzione familiare dove i valori dell&#8217;amore, dell&#8217;onest\u00e0, della generosit\u00e0, della collaborazione e del rispetto si riverberano oltre i confini delle nostre case e della nostra cantina, verso la comunit\u00e0 della Valpolicella e la terra che \u00e8 stata cos\u00ec generosa con noi.<\/span><\/h2><\/div><div class=\"clear\"><\/div><\/div><div class=\"vc_custom_heading_wrap\"><div class=\"heading-text el-text\" ><h2 class=\"font-348806 h2 font-weight-400\" ><span>Non solo le nostre porte e i nostri cuori sono stati aperti agli altri, ma siamo anche stati coinvolti nella nostra comunit\u00e0. La passione per lo sport e il lavoro di squadra ci vede attivi in \u200b\u200bprogetti e attivit\u00e0 ricreative e sportive, tra cui calcio, ciclismo, sci, corsa, golf e tamburello. La buona salute \u00e8 importante per noi, quindi facciamo il possibile per sostenere la ricerca medica e sperimentale. Altrettanto vitale \u00e8 l&#8217;anima sana di una comunit\u00e0 culturalmente ricca. Sosteniamo eventi e iniziative culturali e artistiche che favoriscono l&#8217;aggregazione e lo sviluppo dei talenti individuali.<\/span><\/h2><\/div><div class=\"clear\"><\/div><\/div><div class=\"vc_custom_heading_wrap\"><div class=\"heading-text el-text\" ><h2 class=\"font-348806 h2 font-weight-400 translation-block\" ><span>We believe that a positive, healthy community is just as key to the health of the <span style=\"font-family: CanelaItalic\">Valpolicella<\/span>, as the many actions we continue to implement towards sustainability in the vineyard and winery.<\/span><\/h2><\/div><div class=\"clear\"><\/div><\/div><div class=\"empty-space empty-single tablet-hidden mobile-hidden\" ><span class=\"empty-space-inner\"><\/span><\/div>\n<span class=\"btn-container\" ><a href=\"http:\/\/www.farinatransparency.com\" class=\"custom-link h4 btn-underline-out btn-custom-typo font-513907 font-weight-400 text-initial no-letterspace border-width-0 text-default-color btn-icon-left\" title=\"About\" target=\"_blank\" rel=\"noopener\"><span>Go to Farina Transparency<\/span><\/a><\/span><\/div><\/div><\/div><\/div><\/div><script id=\"script-row-unique-1\" data-row=\"script-row-unique-1\" type=\"text\/javascript\" class=\"vc_controls\">UNCODE.initRow(document.getElementById(\"row-unique-1\"));<\/script><\/div><\/div><\/div><div data-parent=\"true\" class=\"vc_row galleryx row-container\" id=\"row-unique-2\"><div class=\"row col-double-gutter double-top-padding double-bottom-padding no-h-padding full-width row-parent\"><div class=\"wpb_row row-inner\"><div class=\"wpb_column pos-middle pos-center align_left column_parent col-lg-12 double-internal-gutter\"><div class=\"uncol style-dark\"  ><div class=\"uncoltable\"><div class=\"uncell no-block-padding\" ><div class=\"uncont\" ><div class=\"empty-space empty-single tablet-hidden mobile-hidden\" ><span class=\"empty-space-inner\"><\/span><\/div>\n<div class=\"owl-carousel-wrapper\">\n\t\t\n\t\n\t<div class=\"owl-carousel-container owl-carousel-loading double-gutter\" >\n\t\t\t\t\t\t\t\t\t<div id=\"gallery-1434003\" class=\"owl-carousel owl-element owl-valign-middle owl-height-auto\" data-loop=\"true\" data-navmobile=\"false\" data-navspeed=\"400\" data-autoplay=\"true\" data-timeout=\"3000\" data-stagepadding=\"15\" data-lg=\"3\" data-md=\"2\" data-sm=\"1\">\n<div class=\"tmb tmb-carousel tmb-iso-h4 tmb-light tmb-overlay-middle tmb-overlay-text-left tmb-image-anim-magnetic tmb-id-1042  tmb-img-ratio tmb-media-first tmb-media-last tmb-content-overlay tmb-no-bg tmb-lightbox\" ><div class=\"t-inside animate_when_almost_visible alpha-anim\" data-speed=\"1000\"><div class=\"t-entry-visual\"><div class=\"t-entry-visual-tc\"><div class=\"t-entry-visual-cont\"><div class=\"dummy\" style=\"padding-top: 133.3%;\"><\/div><a tabindex=\"-1\" href=\"https:\/\/farinawines.com\/wp-content\/uploads\/2022\/10\/Transparency-3.jpg\" class=\"pushed\" data-title=\"Transparency-3\" data-caption=\"\" data-social=\"1\" data-deep=\"gallery-1434003\" data-notmb=\"1\" data-lbox=\"ilightbox_gallery-1434003\" data-external-thumb-image=\"https:\/\/farinawines.com\/wp-content\/uploads\/2022\/10\/Transparency-3-150x150.jpg\" data-lg-size=\"1528-1020\" data-lb-index=\"0\"><div class=\"t-entry-visual-overlay\"><div class=\"t-entry-visual-overlay-in style-dark-bg\" style=\"opacity: 0.5;\"><\/div><\/div><img decoding=\"async\" class=\"wp-image-1042\" src=\"https:\/\/farinawines.com\/wp-content\/uploads\/2022\/10\/Transparency-3-uai-765x1020.jpg\" width=\"765\" height=\"1020\" alt=\"\" \/><\/a><\/div>\n\t\t\t\t\t<\/div>\n\t\t\t\t<\/div><\/div><\/div><div class=\"tmb tmb-carousel tmb-iso-h4 tmb-light tmb-overlay-middle tmb-overlay-text-left tmb-image-anim-magnetic tmb-id-1040  tmb-img-ratio tmb-media-first tmb-media-last tmb-content-overlay tmb-no-bg tmb-lightbox\" ><div class=\"t-inside animate_when_almost_visible alpha-anim\" data-speed=\"1000\"><div class=\"t-entry-visual\"><div class=\"t-entry-visual-tc\"><div class=\"t-entry-visual-cont\"><div class=\"dummy\" style=\"padding-top: 133.3%;\"><\/div><a tabindex=\"-1\" href=\"https:\/\/farinawines.com\/wp-content\/uploads\/2022\/10\/Transparency-7.jpg\" class=\"pushed\" data-title=\"Transparency-7\" data-caption=\"\" data-social=\"1\" data-deep=\"gallery-1434003\" data-notmb=\"1\" data-lbox=\"ilightbox_gallery-1434003\" data-external-thumb-image=\"https:\/\/farinawines.com\/wp-content\/uploads\/2022\/10\/Transparency-7-150x150.jpg\" data-lg-size=\"1528-1020\" data-lb-index=\"1\"><div class=\"t-entry-visual-overlay\"><div class=\"t-entry-visual-overlay-in style-dark-bg\" style=\"opacity: 0.5;\"><\/div><\/div><img decoding=\"async\" class=\"wp-image-1040\" src=\"https:\/\/farinawines.com\/wp-content\/uploads\/2022\/10\/Transparency-7-uai-765x1020.jpg\" width=\"765\" height=\"1020\" alt=\"\" \/><\/a><\/div>\n\t\t\t\t\t<\/div>\n\t\t\t\t<\/div><\/div><\/div><div class=\"tmb tmb-carousel tmb-iso-h4 tmb-light tmb-overlay-middle tmb-overlay-text-left tmb-image-anim-magnetic tmb-id-2158  tmb-img-ratio tmb-media-first tmb-media-last tmb-content-overlay tmb-no-bg tmb-lightbox\" ><div class=\"t-inside animate_when_almost_visible alpha-anim\" data-speed=\"1000\"><div class=\"t-entry-visual\"><div class=\"t-entry-visual-tc\"><div class=\"t-entry-visual-cont\"><div class=\"dummy\" style=\"padding-top: 133.3%;\"><\/div><a tabindex=\"-1\" href=\"https:\/\/farinawines.com\/wp-content\/uploads\/2022\/11\/DSC_6846-scaled.jpg\" class=\"pushed\" data-title=\"DSC_6846\" data-caption=\"\" data-social=\"1\" data-deep=\"gallery-1434003\" data-notmb=\"1\" data-lbox=\"ilightbox_gallery-1434003\" data-external-thumb-image=\"https:\/\/farinawines.com\/wp-content\/uploads\/2022\/11\/DSC_6846-150x150.jpg\" data-lg-size=\"1528-1020\" data-lb-index=\"2\"><div class=\"t-entry-visual-overlay\"><div class=\"t-entry-visual-overlay-in style-dark-bg\" style=\"opacity: 0.5;\"><\/div><\/div><img decoding=\"async\" class=\"wp-image-2158\" src=\"https:\/\/farinawines.com\/wp-content\/uploads\/2022\/11\/DSC_6846-scaled-uai-765x1020.jpg\" width=\"765\" height=\"1020\" alt=\"\" \/><\/a><\/div>\n\t\t\t\t\t<\/div>\n\t\t\t\t<\/div><\/div><\/div><div class=\"tmb tmb-carousel tmb-iso-h4 tmb-light tmb-overlay-middle tmb-overlay-text-left tmb-image-anim-magnetic tmb-id-1041  tmb-img-ratio tmb-media-first tmb-media-last tmb-content-overlay tmb-no-bg tmb-lightbox\" ><div class=\"t-inside animate_when_almost_visible alpha-anim\" data-speed=\"1000\"><div class=\"t-entry-visual\"><div class=\"t-entry-visual-tc\"><div class=\"t-entry-visual-cont\"><div class=\"dummy\" style=\"padding-top: 133.3%;\"><\/div><a tabindex=\"-1\" href=\"https:\/\/farinawines.com\/wp-content\/uploads\/2022\/10\/Transparency-11.jpg\" class=\"pushed\" data-title=\"Transparency-11\" data-caption=\"\" data-social=\"1\" data-deep=\"gallery-1434003\" data-notmb=\"1\" data-lbox=\"ilightbox_gallery-1434003\" data-external-thumb-image=\"https:\/\/farinawines.com\/wp-content\/uploads\/2022\/10\/Transparency-11-150x150.jpg\" data-lg-size=\"1528-1020\" data-lb-index=\"3\"><div class=\"t-entry-visual-overlay\"><div class=\"t-entry-visual-overlay-in style-dark-bg\" style=\"opacity: 0.5;\"><\/div><\/div><img decoding=\"async\" class=\"wp-image-1041\" src=\"https:\/\/farinawines.com\/wp-content\/uploads\/2022\/10\/Transparency-11-uai-765x1020.jpg\" width=\"765\" height=\"1020\" alt=\"\" \/><\/a><\/div>\n\t\t\t\t\t<\/div>\n\t\t\t\t<\/div><\/div><\/div><div class=\"tmb tmb-carousel tmb-iso-h4 tmb-light tmb-overlay-middle tmb-overlay-text-left tmb-image-anim-magnetic tmb-id-2157  tmb-img-ratio tmb-media-first tmb-media-last tmb-content-overlay tmb-no-bg tmb-lightbox\" ><div class=\"t-inside animate_when_almost_visible alpha-anim\" data-speed=\"1000\"><div class=\"t-entry-visual\"><div class=\"t-entry-visual-tc\"><div class=\"t-entry-visual-cont\"><div class=\"dummy\" style=\"padding-top: 133.3%;\"><\/div><a tabindex=\"-1\" href=\"https:\/\/farinawines.com\/wp-content\/uploads\/2022\/11\/Elio-Peretti-5-scaled.jpg\" class=\"pushed\" data-title=\"Elio Peretti-5\" data-caption=\"\" data-social=\"1\" data-deep=\"gallery-1434003\" data-notmb=\"1\" data-lbox=\"ilightbox_gallery-1434003\" data-external-thumb-image=\"https:\/\/farinawines.com\/wp-content\/uploads\/2022\/11\/Elio-Peretti-5-150x150.jpg\" data-lg-size=\"1087-1020\" data-lb-index=\"4\"><div class=\"t-entry-visual-overlay\"><div class=\"t-entry-visual-overlay-in style-dark-bg\" style=\"opacity: 0.5;\"><\/div><\/div><img decoding=\"async\" class=\"wp-image-2157\" src=\"https:\/\/farinawines.com\/wp-content\/uploads\/2022\/11\/Elio-Peretti-5-scaled-uai-765x1020.jpg\" width=\"765\" height=\"1020\" alt=\"\" \/><\/a><\/div>\n\t\t\t\t\t<\/div>\n\t\t\t\t<\/div><\/div><\/div>\t\t\t<\/div>\n\t\t\t\t\t<\/div>\n\n\t\n\t\n\t\n<\/div>\n\n<div class=\"empty-space empty-double tablet-hidden mobile-hidden\" ><span class=\"empty-space-inner\"><\/span><\/div>\n<\/div><\/div><\/div><\/div><\/div><script id=\"script-row-unique-2\" data-row=\"script-row-unique-2\" type=\"text\/javascript\" class=\"vc_controls\">UNCODE.initRow(document.getElementById(\"row-unique-2\"));<\/script><\/div><\/div><\/div>\n<\/div>","protected":false},"excerpt":{"rendered":"https:\/\/farinawines.com\/wp-content\/uploads\/2022\/12\/Farina-Wines-Boutique-Tour-9_2022-HD_10.mp4 Farina PeopleCrediamo che una comunit\u00e0 positiva e sana sia fondamentale per la salute della Valpolicella.Crediamo che una comunit\u00e0 positiva [...]","protected":false},"author":2,"featured_media":1619,"parent":0,"menu_order":0,"comment_status":"closed","ping_status":"closed","template":"","meta":{"_themeisle_gutenberg_block_has_review":false,"footnotes":""},"class_list":["post-2166","page","type-page","status-publish","has-post-thumbnail","hentry"],"_links":{"self":[{"href":"https:\/\/farinawines.com\/en\/wp-json\/wp\/v2\/pages\/2166","targetHints":{"allow":["GET"]}}],"collection":[{"href":"https:\/\/farinawines.com\/en\/wp-json\/wp\/v2\/pages"}],"about":[{"href":"https:\/\/farinawines.com\/en\/wp-json\/wp\/v2\/types\/page"}],"author":[{"embeddable":true,"href":"https:\/\/farinawines.com\/en\/wp-json\/wp\/v2\/users\/2"}],"replies":[{"embeddable":true,"href":"https:\/\/farinawines.com\/en\/wp-json\/wp\/v2\/comments?post=2166"}],"version-history":[{"count":1,"href":"https:\/\/farinawines.com\/en\/wp-json\/wp\/v2\/pages\/2166\/revisions"}],"predecessor-version":[{"id":6724,"href":"https:\/\/farinawines.com\/en\/wp-json\/wp\/v2\/pages\/2166\/revisions\/6724"}],"wp:featuredmedia":[{"embeddable":true,"href":"https:\/\/farinawines.com\/en\/wp-json\/wp\/v2\/media\/1619"}],"wp:attachment":[{"href":"https:\/\/farinawines.com\/en\/wp-json\/wp\/v2\/media?parent=2166"}],"curies":[{"name":"wp","href":"https:\/\/api.w.org\/{rel}","templated":true}]}}