{"id":2310,"date":"2022-11-30T08:46:42","date_gmt":"2022-11-30T07:46:42","guid":{"rendered":"https:\/\/farinawines.com\/?page_id=2310"},"modified":"2026-02-23T09:12:10","modified_gmt":"2026-02-23T08:12:10","slug":"sostenibilita","status":"publish","type":"page","link":"https:\/\/farinawines.com\/en\/sustainability-2\/","title":{"rendered":"Sustainability"},"content":{"rendered":"<div class=\"wpb-content-wrapper\"><div data-parent=\"true\" class=\"vc_row style-color-wayh-bg row-container with-kburns onepage-section\" data-label=\"Header\" data-name=\"header\" id=\"row-unique-0\"><div class=\"row-background background-element\">\n\t\t\t\t\t\t\t\t\t\t\t<div class=\"background-wrapper\">\n\t\t\t\t\t\t\t\t\t\t\t\t<div class=\"background-inner self-video uncode-video-container\" style=\"background-repeat: no-repeat;background-position: center bottom;background-attachment: scroll;background-size: cover;\"><div style=\"width: 640px;\" class=\"wp-video\"><!--[if lt IE 9]><script>document.createElement('video');<\/script><![endif]-->\n<video onloadeddata=\"this.play();\" loop playsinline muted data-keepplaying class=\"background-video-shortcode\" data-ratio=\"1.7777777777778\" id=\"video-2310-1\" width=\"640\" height=\"360\" preload=\"metadata\" ><source type=\"video\/mp4\" src=\"https:\/\/farinawines.com\/wp-content\/uploads\/2023\/02\/sostenibilita1.mp4?_=1\" \/><a href=\"https:\/\/farinawines.com\/wp-content\/uploads\/2023\/02\/sostenibilita1.mp4\">https:\/\/farinawines.com\/wp-content\/uploads\/2023\/02\/sostenibilita1.mp4<\/a><\/video><\/div><\/div>\n\t\t\t\t\t\t\t\t\t\t\t\t<div class=\"block-bg-overlay style-color-wayh-bg\" style=\"opacity: 0.5;\"><\/div>\n\t\t\t\t\t\t\t\t\t\t\t<\/div>\n\t\t\t\t\t\t\t\t\t\t<\/div><div class=\"row quad-top-padding quad-bottom-padding single-h-padding limit-width row-parent\" data-height-ratio=\"full\"><div class=\"wpb_row row-inner\"><div class=\"wpb_column pos-middle pos-center align_center column_parent col-lg-12 double-internal-gutter\"><div class=\"uncol style-dark animate_when_almost_visible bottom-t-top\"  data-delay=\"200\" data-speed=\"1000\"><div class=\"uncoltable\"><div class=\"uncell\" ><div class=\"uncont no-block-padding col-custom-width\" style=\" max-width:996px;\" ><div class=\"vc_custom_heading_wrap tpage\"><div class=\"heading-text el-text\" ><h3 class=\"font-513907 h3 font-weight-500 text-uppercase\" ><span>Sustainability<\/span><\/h3><\/div><div class=\"clear\"><\/div><\/div><div class=\"vc_custom_heading_wrap mobile-hidden\"><div class=\"heading-text el-text alpha-anim animate_when_almost_visible\" data-delay=\"300\" data-speed=\"800\"><h1 class=\"font-348806 h1 font-weight-400\" ><span>La sostenibilit\u00e0 \u00e8 la radice dell&#8217;innovazione.<\/span><\/h1><\/div><div class=\"clear\"><\/div><\/div><div class=\"vc_custom_heading_wrap desktop-hidden tablet-hidden\"><div class=\"heading-text el-text alpha-anim animate_when_almost_visible\" data-delay=\"300\" data-speed=\"800\"><h1 class=\"font-348806 h1 font-weight-400\" ><span>La sostenibilit\u00e0 \u00e8 la radice dell&#8217;innovazione.<\/span><\/h1><\/div><div class=\"clear\"><\/div><\/div><div class=\"empty-space empty-double tablet-hidden mobile-hidden\" ><span class=\"empty-space-inner\"><\/span><\/div>\n<\/div><\/div><\/div><\/div><\/div><script id=\"script-row-unique-0\" data-row=\"script-row-unique-0\" type=\"text\/javascript\" class=\"vc_controls\">UNCODE.initRow(document.getElementById(\"row-unique-0\"));<\/script><\/div><\/div><\/div><div data-parent=\"true\" class=\"vc_row row-container onepage-section\" data-label=\"Trasparenza\" data-name=\"trasparenza\" id=\"row-unique-1\"><div class=\"row quad-top-padding no-bottom-padding triple-h-padding limit-width row-parent\"><div class=\"wpb_row row-inner\"><div class=\"wpb_column pos-top pos-center align_center column_parent col-lg-12 single-internal-gutter\"><div class=\"uncol style-light\"  ><div class=\"uncoltable\"><div class=\"uncell no-block-padding\" ><div class=\"uncont\" ><div class=\"empty-space empty-single\" ><span class=\"empty-space-inner\"><\/span><\/div>\n<div class=\"vc_custom_heading_wrap\"><div class=\"heading-text el-text\" ><h2 class=\"font-348806 h2 font-weight-400 translation-block\" ><span>Sustainability is central to the company\u2019s strategy. This clear stance on the environmental and social impact of its business has also prompted the Farina company to make new choices and launch initiatives aimed at ensuring sustainable standards for its production and consumers.\nModernized production technologies in the cellar have sustainable benefits.<\/span><\/h2><\/div><div class=\"clear\"><\/div><\/div><div class=\"empty-space empty-single tablet-hidden mobile-hidden\" ><span class=\"empty-space-inner\"><\/span><\/div>\n<div class=\"uncode-accordion wpb_accordion wpb_content_element  sign-size-rg w-border\" data-collapsible=\"no\" data-target=\"\" data-active-tab=\"2\" >\n\t\t<div class=\"panel-group wpb_wrapper wpb_accordion_wrapper\" id=\"accordion_1285820670\" role=\"tablist\" aria-multiselectable=\"true\" data-no-toggle=\"\">\n\n<div class=\"panel panel-default wpb_accordion_section group\"><div class=\"panel-heading wpb_accordion_header ui-accordion-header\" role=\"tab\"><p class=\"panel-title font-weight- text-   icon-size-rg\"><a data-toggle=\"collapse\" data-parent=\"#accordion_1285820670\" href=\"#1671614595-1-63\"><span>Read more<\/span><\/a><\/p><\/div><div id=\"1671614595-1-63\" class=\"panel-collapse collapse\" role=\"tabpanel\"><div class=\"panel-body wpb_accordion_content ui-accordion-content half-internal-gutter single-block-padding\">\n\t\t\t\t\t\t<div class=\"vc_custom_heading_wrap\"><div class=\"heading-text el-text\" ><h4 class=\"font-513907 h4 font-weight-400\" ><span>In the vineyard:<\/p><\/span><span><ul><\/span><span><li>no chemical weeding is practiced in any of the vineyards, both owned and worked by the vinedressers-conferers<\/li><\/span><span><li>the eco-sustainable practice of the so-called &quot;sexual confusion&quot; was implemented in all the vineyards, to limit the use of pesticides.<\/li><\/span><span><li>the \u201cSimonit &amp; Sirch\u201d pruning system is used to limit yields and prolong the productivity and health of the vines.<\/li><\/span><span><li>a cultivation philosophy of &quot;intelligent viticulture&quot; is followed, which translates into minimal interventions and which limit the accumulation of heavy metals in the soil.<\/li><\/span><span><\/ul><\/span><span><p><\/span><\/h4><\/div><div class=\"clear\"><\/div><\/div><div class=\"vc_custom_heading_wrap\"><div class=\"heading-text el-text\" ><h4 class=\"font-513907 h4 font-weight-400\" ><span>Modernized production technologies in the cellar have sustainable benefits. Today the Farina company is at the forefront in Valpolicella in every aspect of winemaking, in particular for:<\/p><\/span><span><ul><\/span><span><li>the elimination of the use of chemical detergents thanks to the direct supply of hot water and steam for the sanitization of all the cellar equipment, with the consequent considerable saving of cubic meters of water used.<\/li><\/span><span><li>an electronic panel allows the energy consumption monitoring of the company&#039;s refrigeration system to be monitored.<\/li><\/span><span><li>photovoltaic panels cover the 80% of consumption sustained during bottling.<\/li><\/span><span><li>an automated air conditioning system in the drying lofts is able to keep the internal and external temperature and humidity under control, favoring natural ventilation and guaranteeing greater electricity savings.<\/li><\/span><span><\/ul><\/span><span><p><\/span><\/h4><\/div><div class=\"clear\"><\/div><\/div><\/div><\/div><\/div>\n\t\t<\/div><\/div><\/div><\/div><\/div><\/div><\/div><script id=\"script-row-unique-1\" data-row=\"script-row-unique-1\" type=\"text\/javascript\" class=\"vc_controls\">UNCODE.initRow(document.getElementById(\"row-unique-1\"));<\/script><\/div><\/div><\/div><div data-parent=\"true\" class=\"vc_row galleryx row-container\" id=\"row-unique-2\"><div class=\"row col-double-gutter double-top-padding double-bottom-padding no-h-padding full-width row-parent\"><div class=\"wpb_row row-inner\"><div class=\"wpb_column pos-middle pos-center align_left column_parent col-lg-12 double-internal-gutter\"><div class=\"uncol style-dark\"  ><div class=\"uncoltable\"><div class=\"uncell no-block-padding\" ><div class=\"uncont\" ><div class=\"empty-space empty-single tablet-hidden mobile-hidden\" ><span class=\"empty-space-inner\"><\/span><\/div>\n<div class=\"owl-carousel-wrapper\">\n\t\t\n\t\n\t<div class=\"owl-carousel-container owl-carousel-loading double-gutter\" >\n\t\t\t\t\t\t\t\t\t<div id=\"gallery-1200343\" class=\"owl-carousel owl-element owl-valign-middle owl-height-auto\" data-loop=\"true\" data-navmobile=\"false\" data-navspeed=\"400\" data-autoplay=\"true\" data-timeout=\"3000\" data-stagepadding=\"15\" data-lg=\"3\" data-md=\"2\" data-sm=\"1\">\n<div class=\"tmb tmb-carousel tmb-iso-h4 tmb-light tmb-overlay-middle tmb-overlay-text-left tmb-image-anim-magnetic tmb-id-2647  tmb-img-ratio tmb-media-first tmb-media-last tmb-content-overlay tmb-no-bg tmb-lightbox\" ><div class=\"t-inside animate_when_almost_visible alpha-anim\" data-speed=\"1000\"><div class=\"t-entry-visual\"><div class=\"t-entry-visual-tc\"><div class=\"t-entry-visual-cont\"><div class=\"dummy\" style=\"padding-top: 133.3%;\"><\/div><a tabindex=\"-1\" href=\"https:\/\/farinawines.com\/wp-content\/uploads\/2022\/12\/unnamed5.jpeg\" class=\"pushed\" data-title=\"unnamed5\" data-caption=\"\" data-social=\"1\" data-deep=\"gallery-1200343\" data-notmb=\"1\" data-lbox=\"ilightbox_gallery-1200343\" data-external-thumb-image=\"https:\/\/farinawines.com\/wp-content\/uploads\/2022\/12\/unnamed5-150x150.jpeg\" data-lg-size=\"819-1024\" data-lb-index=\"0\"><div class=\"t-entry-visual-overlay\"><div class=\"t-entry-visual-overlay-in style-dark-bg\" style=\"opacity: 0.5;\"><\/div><\/div><img decoding=\"async\" class=\"wp-image-2647\" src=\"https:\/\/farinawines.com\/wp-content\/uploads\/2022\/12\/unnamed5-uai-768x1024.jpeg\" width=\"768\" height=\"1024\" alt=\"\" \/><\/a><\/div>\n\t\t\t\t\t<\/div>\n\t\t\t\t<\/div><\/div><\/div><div class=\"tmb tmb-carousel tmb-iso-h4 tmb-light tmb-overlay-middle tmb-overlay-text-left tmb-image-anim-magnetic tmb-id-2648  tmb-img-ratio tmb-media-first tmb-media-last tmb-content-overlay tmb-no-bg tmb-lightbox\" ><div class=\"t-inside animate_when_almost_visible alpha-anim\" data-speed=\"1000\"><div class=\"t-entry-visual\"><div class=\"t-entry-visual-tc\"><div class=\"t-entry-visual-cont\"><div class=\"dummy\" style=\"padding-top: 133.3%;\"><\/div><a tabindex=\"-1\" href=\"https:\/\/farinawines.com\/wp-content\/uploads\/2022\/12\/unnamed4.jpeg\" class=\"pushed\" data-title=\"unnamed4\" data-caption=\"\" data-social=\"1\" data-deep=\"gallery-1200343\" data-notmb=\"1\" data-lbox=\"ilightbox_gallery-1200343\" data-external-thumb-image=\"https:\/\/farinawines.com\/wp-content\/uploads\/2022\/12\/unnamed4-150x150.jpeg\" data-lg-size=\"816-1020\" data-lb-index=\"1\"><div class=\"t-entry-visual-overlay\"><div class=\"t-entry-visual-overlay-in style-dark-bg\" style=\"opacity: 0.5;\"><\/div><\/div><img decoding=\"async\" class=\"wp-image-2648\" src=\"https:\/\/farinawines.com\/wp-content\/uploads\/2022\/12\/unnamed4-uai-765x1020.jpeg\" width=\"765\" height=\"1020\" alt=\"\" \/><\/a><\/div>\n\t\t\t\t\t<\/div>\n\t\t\t\t<\/div><\/div><\/div><div class=\"tmb tmb-carousel tmb-iso-h4 tmb-light tmb-overlay-middle tmb-overlay-text-left tmb-image-anim-magnetic tmb-id-2649  tmb-img-ratio tmb-media-first tmb-media-last tmb-content-overlay tmb-no-bg tmb-lightbox\" ><div class=\"t-inside animate_when_almost_visible alpha-anim\" data-speed=\"1000\"><div class=\"t-entry-visual\"><div class=\"t-entry-visual-tc\"><div class=\"t-entry-visual-cont\"><div class=\"dummy\" style=\"padding-top: 133.3%;\"><\/div><a tabindex=\"-1\" href=\"https:\/\/farinawines.com\/wp-content\/uploads\/2022\/12\/unnamed3.jpeg\" class=\"pushed\" data-title=\"unnamed3\" data-caption=\"\" data-social=\"1\" data-deep=\"gallery-1200343\" data-notmb=\"1\" data-lbox=\"ilightbox_gallery-1200343\" data-external-thumb-image=\"https:\/\/farinawines.com\/wp-content\/uploads\/2022\/12\/unnamed3-150x150.jpeg\" data-lg-size=\"819-1024\" data-lb-index=\"2\"><div class=\"t-entry-visual-overlay\"><div class=\"t-entry-visual-overlay-in style-dark-bg\" style=\"opacity: 0.5;\"><\/div><\/div><img decoding=\"async\" class=\"wp-image-2649\" src=\"https:\/\/farinawines.com\/wp-content\/uploads\/2022\/12\/unnamed3-uai-768x1024.jpeg\" width=\"768\" height=\"1024\" alt=\"\" \/><\/a><\/div>\n\t\t\t\t\t<\/div>\n\t\t\t\t<\/div><\/div><\/div><div class=\"tmb tmb-carousel tmb-iso-h4 tmb-light tmb-overlay-middle tmb-overlay-text-left tmb-image-anim-magnetic tmb-id-2651  tmb-img-ratio tmb-media-first tmb-media-last tmb-content-overlay tmb-no-bg tmb-lightbox\" ><div class=\"t-inside animate_when_almost_visible alpha-anim\" data-speed=\"1000\"><div class=\"t-entry-visual\"><div class=\"t-entry-visual-tc\"><div class=\"t-entry-visual-cont\"><div class=\"dummy\" style=\"padding-top: 133.3%;\"><\/div><a tabindex=\"-1\" href=\"https:\/\/farinawines.com\/wp-content\/uploads\/2022\/12\/unnamed1.jpeg\" class=\"pushed\" data-title=\"unnamed1\" data-caption=\"\" data-social=\"1\" data-deep=\"gallery-1200343\" data-notmb=\"1\" data-lbox=\"ilightbox_gallery-1200343\" data-external-thumb-image=\"https:\/\/farinawines.com\/wp-content\/uploads\/2022\/12\/unnamed1-150x150.jpeg\" data-lg-size=\"819-1024\" data-lb-index=\"3\"><div class=\"t-entry-visual-overlay\"><div class=\"t-entry-visual-overlay-in style-dark-bg\" style=\"opacity: 0.5;\"><\/div><\/div><img decoding=\"async\" class=\"wp-image-2651\" src=\"https:\/\/farinawines.com\/wp-content\/uploads\/2022\/12\/unnamed1-uai-768x1024.jpeg\" width=\"768\" height=\"1024\" alt=\"\" \/><\/a><\/div>\n\t\t\t\t\t<\/div>\n\t\t\t\t<\/div><\/div><\/div><div class=\"tmb tmb-carousel tmb-iso-h4 tmb-light tmb-overlay-middle tmb-overlay-text-left tmb-image-anim-magnetic tmb-id-2144  tmb-img-ratio tmb-media-first tmb-media-last tmb-content-overlay tmb-no-bg tmb-lightbox\" ><div class=\"t-inside animate_when_almost_visible alpha-anim\" data-speed=\"1000\"><div class=\"t-entry-visual\"><div class=\"t-entry-visual-tc\"><div class=\"t-entry-visual-cont\"><div class=\"dummy\" style=\"padding-top: 133.3%;\"><\/div><a tabindex=\"-1\" href=\"https:\/\/farinawines.com\/wp-content\/uploads\/2022\/11\/IMG_7888.jpg\" class=\"pushed\" data-title=\"IMG_7888\" data-caption=\"\" data-social=\"1\" data-deep=\"gallery-1200343\" data-notmb=\"1\" data-lbox=\"ilightbox_gallery-1200343\" data-external-thumb-image=\"https:\/\/farinawines.com\/wp-content\/uploads\/2022\/11\/IMG_7888-150x150.jpg\" data-lg-size=\"816-1020\" data-lb-index=\"4\"><div class=\"t-entry-visual-overlay\"><div class=\"t-entry-visual-overlay-in style-dark-bg\" style=\"opacity: 0.5;\"><\/div><\/div><img decoding=\"async\" class=\"wp-image-2144\" src=\"https:\/\/farinawines.com\/wp-content\/uploads\/2022\/11\/IMG_7888-uai-765x1020.jpg\" width=\"765\" height=\"1020\" alt=\"\" \/><\/a><\/div>\n\t\t\t\t\t<\/div>\n\t\t\t\t<\/div><\/div><\/div><div class=\"tmb tmb-carousel tmb-iso-h4 tmb-light tmb-overlay-middle tmb-overlay-text-left tmb-image-anim-magnetic tmb-id-2146  tmb-img-ratio tmb-media-first tmb-media-last tmb-content-overlay tmb-no-bg tmb-lightbox\" ><div class=\"t-inside animate_when_almost_visible alpha-anim\" data-speed=\"1000\"><div class=\"t-entry-visual\"><div class=\"t-entry-visual-tc\"><div class=\"t-entry-visual-cont\"><div class=\"dummy\" style=\"padding-top: 133.3%;\"><\/div><a tabindex=\"-1\" href=\"https:\/\/farinawines.com\/wp-content\/uploads\/2022\/11\/IMG_8055.jpg\" class=\"pushed\" data-title=\"IMG_8055\" data-caption=\"\" data-social=\"1\" data-deep=\"gallery-1200343\" data-notmb=\"1\" data-lbox=\"ilightbox_gallery-1200343\" data-external-thumb-image=\"https:\/\/farinawines.com\/wp-content\/uploads\/2022\/11\/IMG_8055-150x150.jpg\" data-lg-size=\"816-1020\" data-lb-index=\"5\"><div class=\"t-entry-visual-overlay\"><div class=\"t-entry-visual-overlay-in style-dark-bg\" style=\"opacity: 0.5;\"><\/div><\/div><img decoding=\"async\" class=\"wp-image-2146\" src=\"https:\/\/farinawines.com\/wp-content\/uploads\/2022\/11\/IMG_8055-uai-765x1020.jpg\" width=\"765\" height=\"1020\" alt=\"\" \/><\/a><\/div>\n\t\t\t\t\t<\/div>\n\t\t\t\t<\/div><\/div><\/div><div class=\"tmb tmb-carousel tmb-iso-h4 tmb-light tmb-overlay-middle tmb-overlay-text-left tmb-image-anim-magnetic tmb-id-3762  tmb-img-ratio tmb-media-first tmb-media-last tmb-content-overlay tmb-no-bg tmb-lightbox\" ><div class=\"t-inside animate_when_almost_visible alpha-anim\" data-speed=\"1000\"><div class=\"t-entry-visual\"><div class=\"t-entry-visual-tc\"><div class=\"t-entry-visual-cont\"><div class=\"dummy\" style=\"padding-top: 133.5%;\"><\/div><a tabindex=\"-1\" href=\"https:\/\/farinawines.com\/wp-content\/uploads\/2023\/02\/unnamed2.jpeg\" class=\"pushed\" data-title=\"unnamed2\" data-caption=\"\" data-social=\"1\" data-deep=\"gallery-1200343\" data-notmb=\"1\" data-lbox=\"ilightbox_gallery-1200343\" data-external-thumb-image=\"https:\/\/farinawines.com\/wp-content\/uploads\/2023\/02\/unnamed2-150x150.jpeg\" data-lg-size=\"818-530\" data-lb-index=\"6\"><div class=\"t-entry-visual-overlay\"><div class=\"t-entry-visual-overlay-in style-dark-bg\" style=\"opacity: 0.5;\"><\/div><\/div><img decoding=\"async\" class=\"wp-image-3762\" src=\"https:\/\/farinawines.com\/wp-content\/uploads\/2023\/02\/unnamed2-uai-397x530.jpeg\" width=\"397\" height=\"530\" alt=\"\" \/><\/a><\/div>\n\t\t\t\t\t<\/div>\n\t\t\t\t<\/div><\/div><\/div>\t\t\t<\/div>\n\t\t\t\t\t<\/div>\n\n\t\n\t\n\t\n<\/div>\n\n<div class=\"empty-space empty-double tablet-hidden mobile-hidden\" ><span class=\"empty-space-inner\"><\/span><\/div>\n<\/div><\/div><\/div><\/div><\/div><script id=\"script-row-unique-2\" data-row=\"script-row-unique-2\" type=\"text\/javascript\" class=\"vc_controls\">UNCODE.initRow(document.getElementById(\"row-unique-2\"));<\/script><\/div><\/div><\/div>\n<\/div>","protected":false},"excerpt":{"rendered":"https:\/\/farinawines.com\/wp-content\/uploads\/2023\/02\/sostenibilita1.mp4 Sostenibilit\u00e0La sostenibilit\u00e0 \u00e8 la radice dell'innovazione.La sostenibilit\u00e0 \u00e8 la radice dell'innovazione. La sostenibilit\u00e0 \u00e8 centrale nella strategia dell\u2019azienda. Tale [...]","protected":false},"author":2,"featured_media":823,"parent":0,"menu_order":0,"comment_status":"closed","ping_status":"closed","template":"","meta":{"_themeisle_gutenberg_block_has_review":false,"footnotes":""},"class_list":["post-2310","page","type-page","status-publish","has-post-thumbnail","hentry"],"_links":{"self":[{"href":"https:\/\/farinawines.com\/en\/wp-json\/wp\/v2\/pages\/2310","targetHints":{"allow":["GET"]}}],"collection":[{"href":"https:\/\/farinawines.com\/en\/wp-json\/wp\/v2\/pages"}],"about":[{"href":"https:\/\/farinawines.com\/en\/wp-json\/wp\/v2\/types\/page"}],"author":[{"embeddable":true,"href":"https:\/\/farinawines.com\/en\/wp-json\/wp\/v2\/users\/2"}],"replies":[{"embeddable":true,"href":"https:\/\/farinawines.com\/en\/wp-json\/wp\/v2\/comments?post=2310"}],"version-history":[{"count":1,"href":"https:\/\/farinawines.com\/en\/wp-json\/wp\/v2\/pages\/2310\/revisions"}],"predecessor-version":[{"id":6707,"href":"https:\/\/farinawines.com\/en\/wp-json\/wp\/v2\/pages\/2310\/revisions\/6707"}],"wp:featuredmedia":[{"embeddable":true,"href":"https:\/\/farinawines.com\/en\/wp-json\/wp\/v2\/media\/823"}],"wp:attachment":[{"href":"https:\/\/farinawines.com\/en\/wp-json\/wp\/v2\/media?parent=2310"}],"curies":[{"name":"wp","href":"https:\/\/api.w.org\/{rel}","templated":true}]}}