{"id":2312,"date":"2022-11-30T08:48:07","date_gmt":"2022-11-30T07:48:07","guid":{"rendered":"https:\/\/farinawines.com\/?page_id=2312"},"modified":"2026-02-20T12:29:51","modified_gmt":"2026-02-20T11:29:51","slug":"viticoltura","status":"publish","type":"page","link":"https:\/\/farinawines.com\/en\/viticulture\/","title":{"rendered":"Viticulture"},"content":{"rendered":"<div class=\"wpb-content-wrapper\"><div data-parent=\"true\" class=\"vc_row style-color-wayh-bg row-container with-kburns onepage-section\" data-label=\"Header\" data-name=\"header\" id=\"row-unique-0\"><div class=\"row-background background-element\">\n\t\t\t\t\t\t\t\t\t\t\t<div class=\"background-wrapper\">\n\t\t\t\t\t\t\t\t\t\t\t\t<div class=\"background-inner self-video uncode-video-container\" style=\"background-repeat: no-repeat;background-position: center bottom;background-attachment: scroll;background-size: cover;\"><div style=\"width: 640px;\" class=\"wp-video\"><!--[if lt IE 9]><script>document.createElement('video');<\/script><![endif]-->\n<video onloadeddata=\"this.play();\" loop playsinline muted data-keepplaying class=\"background-video-shortcode\" data-ratio=\"1.7777777777778\" id=\"video-2312-1\" width=\"640\" height=\"360\" preload=\"metadata\" ><source type=\"video\/mp4\" src=\"https:\/\/farinawines.com\/wp-content\/uploads\/2023\/02\/02-clip-viticultura-20s.mp4?_=1\" \/><a href=\"https:\/\/farinawines.com\/wp-content\/uploads\/2023\/02\/02-clip-viticultura-20s.mp4\">https:\/\/farinawines.com\/wp-content\/uploads\/2023\/02\/02-clip-viticultura-20s.mp4<\/a><\/video><\/div><\/div>\n\t\t\t\t\t\t\t\t\t\t\t\t<div class=\"block-bg-overlay style-color-wayh-bg\" style=\"opacity: 0.5;\"><\/div>\n\t\t\t\t\t\t\t\t\t\t\t<\/div>\n\t\t\t\t\t\t\t\t\t\t<\/div><div class=\"row quad-top-padding quad-bottom-padding single-h-padding limit-width row-parent\" data-height-ratio=\"full\"><div class=\"wpb_row row-inner\"><div class=\"wpb_column pos-middle pos-center align_center column_parent col-lg-12 double-internal-gutter\"><div class=\"uncol style-dark animate_when_almost_visible bottom-t-top\"  data-delay=\"200\" data-speed=\"1000\"><div class=\"uncoltable\"><div class=\"uncell\" ><div class=\"uncont no-block-padding col-custom-width\" style=\" max-width:996px;\" ><div class=\"vc_custom_heading_wrap tpage\"><div class=\"heading-text el-text\" ><h3 class=\"font-513907 h3 font-weight-500 text-uppercase\" ><span>Viticulture<\/span><\/h3><\/div><div class=\"clear\"><\/div><\/div><div class=\"vc_custom_heading_wrap mobile-hidden\"><div class=\"heading-text el-text alpha-anim animate_when_almost_visible\" data-delay=\"300\" data-speed=\"800\"><h1 class=\"font-348806 h1 font-weight-400\" ><span>A mosaic of land in Valpolicella Classica.<\/span><\/h1><\/div><div class=\"clear\"><\/div><\/div><div class=\"vc_custom_heading_wrap desktop-hidden tablet-hidden\"><div class=\"heading-text el-text alpha-anim animate_when_almost_visible\" data-delay=\"300\" data-speed=\"800\"><h1 class=\"font-348806 h1 font-weight-400\" ><span>A mosaic of land in Valpolicella Classica.<\/span><\/h1><\/div><div class=\"clear\"><\/div><\/div><div class=\"empty-space empty-double tablet-hidden mobile-hidden\" ><span class=\"empty-space-inner\"><\/span><\/div>\n<\/div><\/div><\/div><\/div><\/div><script id=\"script-row-unique-0\" data-row=\"script-row-unique-0\" type=\"text\/javascript\" class=\"vc_controls\">UNCODE.initRow(document.getElementById(\"row-unique-0\"));<\/script><\/div><\/div><\/div><div data-parent=\"true\" class=\"vc_row row-container onepage-section\" data-label=\"Trasparenza\" data-name=\"trasparenza\" id=\"row-unique-1\"><div class=\"row quad-top-padding single-bottom-padding triple-h-padding limit-width row-parent\"><div class=\"wpb_row row-inner\"><div class=\"wpb_column pos-top pos-center align_center column_parent col-lg-12 single-internal-gutter\"><div class=\"uncol style-light\"  ><div class=\"uncoltable\"><div class=\"uncell no-block-padding\" ><div class=\"uncont\" ><div class=\"empty-space empty-single\" ><span class=\"empty-space-inner\"><\/span><\/div>\n<div class=\"vc_custom_heading_wrap\"><div class=\"heading-text el-text\" ><h2 class=\"font-348806 h2 font-weight-400\" ><span>The family <span style=\"font-family: CanelaItalic;\">Farina<\/span> owns 10 hectares of vineyards. The remaining production comes from 55 hectares owned by 10 winegrowers in\u00a0<span style=\"font-family: CanelaItalic;\">Valpolicella Classica<\/span> and one in <span style=\"font-family: CanelaItalic;\">Valpolicella<\/span>. These are long-standing collaborations, passed down from generation to generation, in which each family has followed the vision of the Farinas for sustainable and quality viticulture.<br \/><\/span><span>I vigneti rappresentano uno spaccato del mosaico di terreni ed esposizioni della Valpolicella. Comprendono vigneti con un&#8217;altitudine compresa tra i 150 e i 350 metri, principalmente nelle valli di San Pietro in Cariano, Sant&#8217;Ambrogio, Negrar, Marano e Fumane.<\/span><\/h2><\/div><div class=\"clear\"><\/div><\/div><div class=\"empty-space empty-single tablet-hidden mobile-hidden\" ><span class=\"empty-space-inner\"><\/span><\/div>\n<div class=\"uncode-accordion wpb_accordion wpb_content_element  sign-size-rg w-border\" data-collapsible=\"no\" data-target=\"\" data-active-tab=\"2\" >\n\t\t<div class=\"panel-group wpb_wrapper wpb_accordion_wrapper\" id=\"accordion_1356837121\" role=\"tablist\" aria-multiselectable=\"true\" data-no-toggle=\"\">\n\n<div class=\"panel panel-default wpb_accordion_section group\"><div class=\"panel-heading wpb_accordion_header ui-accordion-header\" role=\"tab\"><p class=\"panel-title font-weight- text-   icon-size-rg\"><a data-toggle=\"collapse\" data-parent=\"#accordion_1356837121\" href=\"#1671615378-1-86\"><span>Read more<\/span><\/a><\/p><\/div><div id=\"1671615378-1-86\" class=\"panel-collapse collapse\" role=\"tabpanel\"><div class=\"panel-body wpb_accordion_content ui-accordion-content half-internal-gutter single-block-padding\">\n\t\t\t\t\t\t<div class=\"vc_custom_heading_wrap\"><div class=\"heading-text el-text\" ><h4 class=\"font-513907 h4 font-weight-400\" ><span>La maggior parte dei vigneti \u00e8 allevata con la tradizionale pergola veronese, una scelta stilistica per ottenere vini pi\u00f9 freschi e con maggiore acidit\u00e0. Oggi, con stagioni vegetative pi\u00f9 calde e secche, l&#8217;ombra che la pergola fornisce alle uve e al terreno sottostante \u00e8 un altro motivo per cui i <span style=\"font-family: CanelaItalic;\">Farina<\/span> they prefer the pergola to the modern guyot.<br \/><\/span><span>Most of the vineyards are equipped with an irrigation system in case of particular periods of prolonged drought.<br \/><\/span><span>Tutti i vigneti seguono la pratica della viticoltura sostenibile. Il diserbo chimico non viene mai utilizzato. La confusione sessuale controlla la tignola dell&#8217;uva e i trattamenti sono ridotti al minimo indispensabile, anche quelli consentiti in agricoltura biologica. Puntiamo a limitare l&#8217;uso di metalli e sostanze chimiche nei nostri vigneti e a ridurre il livello di solfati sulle nostre uve.<\/span><\/h4><\/div><div class=\"clear\"><\/div><\/div><\/div><\/div><\/div>\n\t\t<\/div><\/div><\/div><\/div><\/div><\/div><\/div><script id=\"script-row-unique-1\" data-row=\"script-row-unique-1\" type=\"text\/javascript\" class=\"vc_controls\">UNCODE.initRow(document.getElementById(\"row-unique-1\"));<\/script><\/div><\/div><\/div><div data-parent=\"true\" class=\"vc_row galleryx row-container\" id=\"row-unique-2\"><div class=\"row col-double-gutter double-top-padding double-bottom-padding no-h-padding full-width row-parent\"><div class=\"wpb_row row-inner\"><div class=\"wpb_column pos-middle pos-center align_left column_parent col-lg-12 double-internal-gutter\"><div class=\"uncol style-dark\"  ><div class=\"uncoltable\"><div class=\"uncell no-block-padding\" ><div class=\"uncont\" ><div class=\"empty-space empty-single tablet-hidden mobile-hidden\" ><span class=\"empty-space-inner\"><\/span><\/div>\n<div class=\"owl-carousel-wrapper\">\n\t\t\n\t\n\t<div class=\"owl-carousel-container owl-carousel-loading double-gutter\" >\n\t\t\t\t\t\t\t\t\t<div id=\"gallery-1985645343\" class=\"owl-carousel owl-element owl-valign-middle owl-height-auto\" data-loop=\"true\" data-navmobile=\"false\" data-navspeed=\"400\" data-autoplay=\"true\" data-timeout=\"3000\" data-stagepadding=\"15\" data-lg=\"3\" data-md=\"2\" data-sm=\"1\">\n<div class=\"tmb tmb-carousel tmb-iso-h4 tmb-light tmb-overlay-middle tmb-overlay-text-left tmb-image-anim-magnetic tmb-id-2175  tmb-img-ratio tmb-media-first tmb-media-last tmb-content-overlay tmb-no-bg tmb-lightbox\" ><div class=\"t-inside animate_when_almost_visible alpha-anim\" data-speed=\"1000\"><div class=\"t-entry-visual\"><div class=\"t-entry-visual-tc\"><div class=\"t-entry-visual-cont\"><div class=\"dummy\" style=\"padding-top: 133.2%;\"><\/div><a tabindex=\"-1\" href=\"https:\/\/farinawines.com\/wp-content\/uploads\/2022\/11\/FarinaVendemmia2022-04-scaled.jpg\" class=\"pushed\" data-title=\"FarinaVendemmia2022-04\" data-caption=\"\" data-social=\"1\" data-deep=\"gallery-1985645343\" data-notmb=\"1\" data-lbox=\"ilightbox_gallery-1985645343\" data-external-thumb-image=\"https:\/\/farinawines.com\/wp-content\/uploads\/2022\/11\/FarinaVendemmia2022-04-150x150.jpg\" data-lg-size=\"680-1020\" data-lb-index=\"0\"><div class=\"t-entry-visual-overlay\"><div class=\"t-entry-visual-overlay-in style-dark-bg\" style=\"opacity: 0.5;\"><\/div><\/div><img decoding=\"async\" class=\"wp-image-2175\" src=\"https:\/\/farinawines.com\/wp-content\/uploads\/2022\/11\/FarinaVendemmia2022-04-scaled-uai-680x906.jpg\" width=\"680\" height=\"906\" alt=\"\" \/><\/a><\/div>\n\t\t\t\t\t<\/div>\n\t\t\t\t<\/div><\/div><\/div><div class=\"tmb tmb-carousel tmb-iso-h4 tmb-light tmb-overlay-middle tmb-overlay-text-left tmb-image-anim-magnetic tmb-id-2174  tmb-img-ratio tmb-media-first tmb-media-last tmb-content-overlay tmb-no-bg tmb-lightbox\" ><div class=\"t-inside animate_when_almost_visible alpha-anim\" data-speed=\"1000\"><div class=\"t-entry-visual\"><div class=\"t-entry-visual-tc\"><div class=\"t-entry-visual-cont\"><div class=\"dummy\" style=\"padding-top: 133.2%;\"><\/div><a tabindex=\"-1\" href=\"https:\/\/farinawines.com\/wp-content\/uploads\/2022\/11\/FarinaVendemmia2022-38-scaled.jpg\" class=\"pushed\" data-title=\"FarinaVendemmia2022-38\" data-caption=\"\" data-social=\"1\" data-deep=\"gallery-1985645343\" data-notmb=\"1\" data-lbox=\"ilightbox_gallery-1985645343\" data-external-thumb-image=\"https:\/\/farinawines.com\/wp-content\/uploads\/2022\/11\/FarinaVendemmia2022-38-150x150.jpg\" data-lg-size=\"680-1020\" data-lb-index=\"1\"><div class=\"t-entry-visual-overlay\"><div class=\"t-entry-visual-overlay-in style-dark-bg\" style=\"opacity: 0.5;\"><\/div><\/div><img decoding=\"async\" class=\"wp-image-2174\" src=\"https:\/\/farinawines.com\/wp-content\/uploads\/2022\/11\/FarinaVendemmia2022-38-scaled-uai-680x906.jpg\" width=\"680\" height=\"906\" alt=\"\" \/><\/a><\/div>\n\t\t\t\t\t<\/div>\n\t\t\t\t<\/div><\/div><\/div><div class=\"tmb tmb-carousel tmb-iso-h4 tmb-light tmb-overlay-middle tmb-overlay-text-left tmb-image-anim-magnetic tmb-id-2173  tmb-img-ratio tmb-media-first tmb-media-last tmb-content-overlay tmb-no-bg tmb-lightbox\" ><div class=\"t-inside animate_when_almost_visible alpha-anim\" data-speed=\"1000\"><div class=\"t-entry-visual\"><div class=\"t-entry-visual-tc\"><div class=\"t-entry-visual-cont\"><div class=\"dummy\" style=\"padding-top: 133.2%;\"><\/div><a tabindex=\"-1\" href=\"https:\/\/farinawines.com\/wp-content\/uploads\/2022\/11\/FarinaVendemmia2022-01-scaled.jpg\" class=\"pushed\" data-title=\"FarinaVendemmia2022-01\" data-caption=\"\" data-social=\"1\" data-deep=\"gallery-1985645343\" data-notmb=\"1\" data-lbox=\"ilightbox_gallery-1985645343\" data-external-thumb-image=\"https:\/\/farinawines.com\/wp-content\/uploads\/2022\/11\/FarinaVendemmia2022-01-150x150.jpg\" data-lg-size=\"680-1020\" data-lb-index=\"2\"><div class=\"t-entry-visual-overlay\"><div class=\"t-entry-visual-overlay-in style-dark-bg\" style=\"opacity: 0.5;\"><\/div><\/div><img decoding=\"async\" class=\"wp-image-2173\" src=\"https:\/\/farinawines.com\/wp-content\/uploads\/2022\/11\/FarinaVendemmia2022-01-scaled-uai-680x906.jpg\" width=\"680\" height=\"906\" alt=\"\" \/><\/a><\/div>\n\t\t\t\t\t<\/div>\n\t\t\t\t<\/div><\/div><\/div><div class=\"tmb tmb-carousel tmb-iso-h4 tmb-light tmb-overlay-middle tmb-overlay-text-left tmb-image-anim-magnetic tmb-id-3678  tmb-img-ratio tmb-media-first tmb-media-last tmb-content-overlay tmb-no-bg tmb-lightbox\" ><div class=\"t-inside animate_when_almost_visible alpha-anim\" data-speed=\"1000\"><div class=\"t-entry-visual\"><div class=\"t-entry-visual-tc\"><div class=\"t-entry-visual-cont\"><div class=\"dummy\" style=\"padding-top: 133.3%;\"><\/div><a tabindex=\"-1\" href=\"https:\/\/farinawines.com\/wp-content\/uploads\/2023\/02\/Still0203_00026-valpolicella-wine.jpeg\" class=\"pushed\" data-title=\"Still0203_00026 valpolicella wine\" data-caption=\"\" data-social=\"1\" data-deep=\"gallery-1985645343\" data-notmb=\"1\" data-lbox=\"ilightbox_gallery-1985645343\" data-external-thumb-image=\"https:\/\/farinawines.com\/wp-content\/uploads\/2023\/02\/Still0203_00026-valpolicella-wine-150x150.jpeg\" data-lg-size=\"1280-720\" data-lb-index=\"3\"><div class=\"t-entry-visual-overlay\"><div class=\"t-entry-visual-overlay-in style-dark-bg\" style=\"opacity: 0.5;\"><\/div><\/div><img decoding=\"async\" class=\"wp-image-3678\" src=\"https:\/\/farinawines.com\/wp-content\/uploads\/2023\/02\/Still0203_00026-valpolicella-wine-uai-540x720.jpeg\" width=\"540\" height=\"720\" alt=\"\" \/><\/a><\/div>\n\t\t\t\t\t<\/div>\n\t\t\t\t<\/div><\/div><\/div><div class=\"tmb tmb-carousel tmb-iso-h4 tmb-light tmb-overlay-middle tmb-overlay-text-left tmb-image-anim-magnetic tmb-id-3675  tmb-img-ratio tmb-media-first tmb-media-last tmb-content-overlay tmb-no-bg tmb-lightbox\" ><div class=\"t-inside animate_when_almost_visible alpha-anim\" data-speed=\"1000\"><div class=\"t-entry-visual\"><div class=\"t-entry-visual-tc\"><div class=\"t-entry-visual-cont\"><div class=\"dummy\" style=\"padding-top: 133.3%;\"><\/div><a tabindex=\"-1\" href=\"https:\/\/farinawines.com\/wp-content\/uploads\/2023\/02\/Still0203_00029-valpolicella-wine.jpeg\" class=\"pushed\" data-title=\"Still0203_00029 valpolicella wine\" data-caption=\"\" data-social=\"1\" data-deep=\"gallery-1985645343\" data-notmb=\"1\" data-lbox=\"ilightbox_gallery-1985645343\" data-external-thumb-image=\"https:\/\/farinawines.com\/wp-content\/uploads\/2023\/02\/Still0203_00029-valpolicella-wine-150x150.jpeg\" data-lg-size=\"1280-720\" data-lb-index=\"4\"><div class=\"t-entry-visual-overlay\"><div class=\"t-entry-visual-overlay-in style-dark-bg\" style=\"opacity: 0.5;\"><\/div><\/div><img decoding=\"async\" class=\"wp-image-3675\" src=\"https:\/\/farinawines.com\/wp-content\/uploads\/2023\/02\/Still0203_00029-valpolicella-wine-uai-540x720.jpeg\" width=\"540\" height=\"720\" alt=\"\" \/><\/a><\/div>\n\t\t\t\t\t<\/div>\n\t\t\t\t<\/div><\/div><\/div><div class=\"tmb tmb-carousel tmb-iso-h4 tmb-light tmb-overlay-middle tmb-overlay-text-left tmb-image-anim-magnetic tmb-id-3566  tmb-img-ratio tmb-media-first tmb-media-last tmb-content-overlay tmb-no-bg tmb-lightbox\" ><div class=\"t-inside animate_when_almost_visible alpha-anim\" data-speed=\"1000\"><div class=\"t-entry-visual\"><div class=\"t-entry-visual-tc\"><div class=\"t-entry-visual-cont\"><div class=\"dummy\" style=\"padding-top: 133.3%;\"><\/div><a tabindex=\"-1\" href=\"https:\/\/farinawines.com\/wp-content\/uploads\/2023\/02\/Still0203_00009-dimensioni-grandi.jpeg\" class=\"pushed\" data-title=\"Still0203_00009 - dimensioni grandi\" data-caption=\"\" data-social=\"1\" data-deep=\"gallery-1985645343\" data-notmb=\"1\" data-lbox=\"ilightbox_gallery-1985645343\" data-external-thumb-image=\"https:\/\/farinawines.com\/wp-content\/uploads\/2023\/02\/Still0203_00009-dimensioni-grandi-150x150.jpeg\" data-lg-size=\"1280-720\" data-lb-index=\"5\"><div class=\"t-entry-visual-overlay\"><div class=\"t-entry-visual-overlay-in style-dark-bg\" style=\"opacity: 0.5;\"><\/div><\/div><img decoding=\"async\" class=\"wp-image-3566\" src=\"https:\/\/farinawines.com\/wp-content\/uploads\/2023\/02\/Still0203_00009-dimensioni-grandi-uai-540x720.jpeg\" width=\"540\" height=\"720\" alt=\"\" \/><\/a><\/div>\n\t\t\t\t\t<\/div>\n\t\t\t\t<\/div><\/div><\/div>\t\t\t<\/div>\n\t\t\t\t\t<\/div>\n\n\t\n\t\n\t\n<\/div>\n\n<div class=\"empty-space empty-double tablet-hidden mobile-hidden\" ><span class=\"empty-space-inner\"><\/span><\/div>\n<\/div><\/div><\/div><\/div><\/div><script id=\"script-row-unique-2\" data-row=\"script-row-unique-2\" type=\"text\/javascript\" class=\"vc_controls\">UNCODE.initRow(document.getElementById(\"row-unique-2\"));<\/script><\/div><\/div><\/div><div data-parent=\"true\" class=\"vc_row style-color-xsdn-bg row-container onepage-section\" data-label=\"Appassimento\" data-name=\"appassimento\" id=\"row-unique-3\" data-bg-changer=\"row-unique-3\" data-bg-remove=\"style-color-xsdn-bg\" data-bg-color=\"style-color-xsdn-bg\"><div class=\"row no-top-padding no-bottom-padding triple-h-padding limit-width row-parent\"><div class=\"wpb_row row-inner\"><div class=\"wpb_column pos-middle pos-center align_center column_parent col-lg-12 single-internal-gutter\"><div class=\"uncol style-light\"  data-skin-change=\"style-light\"><div class=\"uncoltable\"><div class=\"uncell no-block-padding\" ><div class=\"uncont\" ><div class=\"vc_custom_heading_wrap\"><div class=\"heading-text el-text\" ><h1 class=\"font-348806 h1 font-weight-400\" ><span>The varieties<\/span><\/h1><\/div><div class=\"clear\"><\/div><\/div><div class=\"empty-space empty-single tablet-hidden mobile-hidden\" ><span class=\"empty-space-inner\"><\/span><\/div>\n<div class=\"vc_custom_heading_wrap\"><div class=\"heading-text el-text\" ><h2 class=\"font-348806 h2 font-weight-400\" ><span>Le variet\u00e0 autoctone utilizzate, in quantit\u00e0 variabile, sono principalmente Corvina, Corvinone, Rondinella e Molinara. Alcuni vigneti presentano percentuali minori di altre variet\u00e0, tra cui Dindarella, Oseleta, Croatina e Spigamonti. La Corvina \u00e8 la spina dorsale dei vini della Valpolicella e la pi\u00f9 espressiva e completa per struttura, colore e complessit\u00e0. La Rondinella conferisce maggiore struttura tannica, \u00e8 di colore intenso e si presta bene all&#8217;appassimento. Sebbene non sia pi\u00f9 richiesta dal disciplinare di produzione, utilizziamo ancora la Molinara per la sua freschezza, il suo sapore speziato e l\u2019elevata acidit\u00e0.<br \/><\/span><span>Detailed information about each winemaker is available on the site.<\/span><\/h2><\/div><div class=\"clear\"><\/div><\/div><div class=\"empty-space empty-single tablet-hidden mobile-hidden\" ><span class=\"empty-space-inner\"><\/span><\/div>\n<span class=\"btn-container\" ><a href=\"http:\/\/www.farinatransparency.com\/\" class=\"custom-link h4 btn-underline-out btn-custom-typo font-513907 font-weight-400 text-initial no-letterspace border-width-0 text-default-color btn-icon-left\" title=\"About\" target=\"_blank\" rel=\"noopener\"><span>www.farinatransaparency.com<\/span><\/a><\/span><\/div><\/div><\/div><\/div><\/div><script id=\"script-row-unique-3\" data-row=\"script-row-unique-3\" type=\"text\/javascript\" class=\"vc_controls\">UNCODE.initRow(document.getElementById(\"row-unique-3\"));<\/script><\/div><\/div><\/div><div data-parent=\"true\" class=\"vc_row galleryx row-container\" id=\"row-unique-4\"><div class=\"row col-double-gutter double-top-padding double-bottom-padding no-h-padding full-width row-parent\"><div class=\"wpb_row row-inner\"><div class=\"wpb_column pos-middle pos-center align_left column_parent col-lg-12 double-internal-gutter\"><div class=\"uncol style-dark\"  ><div class=\"uncoltable\"><div class=\"uncell no-block-padding\" ><div class=\"uncont\" ><div class=\"empty-space empty-single tablet-hidden mobile-hidden\" ><span class=\"empty-space-inner\"><\/span><\/div>\n<div class=\"owl-carousel-wrapper\">\n\t\t\n\t\n\t<div class=\"owl-carousel-container owl-carousel-loading double-gutter\" >\n\t\t\t\t\t\t\t\t\t<div id=\"gallery-1957685645343\" class=\"owl-carousel owl-element owl-valign-middle owl-height-auto\" data-loop=\"true\" data-navmobile=\"false\" data-navspeed=\"400\" data-autoplay=\"true\" data-timeout=\"3000\" data-stagepadding=\"15\" data-lg=\"3\" data-md=\"2\" data-sm=\"1\">\n<div class=\"tmb tmb-carousel tmb-iso-h4 tmb-light tmb-overlay-middle tmb-overlay-text-left tmb-image-anim-magnetic tmb-id-2176  tmb-img-ratio tmb-media-first tmb-media-last tmb-content-overlay tmb-no-bg tmb-lightbox\" ><div class=\"t-inside animate_when_almost_visible alpha-anim\" data-speed=\"1000\"><div class=\"t-entry-visual\"><div class=\"t-entry-visual-tc\"><div class=\"t-entry-visual-cont\"><div class=\"dummy\" style=\"padding-top: 133.3%;\"><\/div><a tabindex=\"-1\" href=\"https:\/\/farinawines.com\/wp-content\/uploads\/2022\/11\/30N0085-scaled.jpg\" class=\"pushed\" data-title=\"_30N0085\" data-caption=\"\" data-social=\"1\" data-deep=\"gallery-1957685645343\" data-notmb=\"1\" data-lbox=\"ilightbox_gallery-1957685645343\" data-external-thumb-image=\"https:\/\/farinawines.com\/wp-content\/uploads\/2022\/11\/30N0085-150x150.jpg\" data-lg-size=\"1530-1020\" data-lb-index=\"0\"><div class=\"t-entry-visual-overlay\"><div class=\"t-entry-visual-overlay-in style-dark-bg\" style=\"opacity: 0.5;\"><\/div><\/div><img decoding=\"async\" class=\"wp-image-2176\" src=\"https:\/\/farinawines.com\/wp-content\/uploads\/2022\/11\/30N0085-scaled-uai-765x1020.jpg\" width=\"765\" height=\"1020\" alt=\"\" \/><\/a><\/div>\n\t\t\t\t\t<\/div>\n\t\t\t\t<\/div><\/div><\/div><div class=\"tmb tmb-carousel tmb-iso-h4 tmb-light tmb-overlay-middle tmb-overlay-text-left tmb-image-anim-magnetic tmb-id-2153  tmb-img-ratio tmb-media-first tmb-media-last tmb-content-overlay tmb-no-bg tmb-lightbox\" ><div class=\"t-inside animate_when_almost_visible alpha-anim\" data-speed=\"1000\"><div class=\"t-entry-visual\"><div class=\"t-entry-visual-tc\"><div class=\"t-entry-visual-cont\"><div class=\"dummy\" style=\"padding-top: 133.3%;\"><\/div><a tabindex=\"-1\" href=\"https:\/\/farinawines.com\/wp-content\/uploads\/2022\/11\/DSC_4247-scaled.jpg\" class=\"pushed\" data-title=\"DSC_4247\" data-caption=\"\" data-social=\"1\" data-deep=\"gallery-1957685645343\" data-notmb=\"1\" data-lbox=\"ilightbox_gallery-1957685645343\" data-external-thumb-image=\"https:\/\/farinawines.com\/wp-content\/uploads\/2022\/11\/DSC_4247-150x150.jpg\" data-lg-size=\"1533-1020\" data-lb-index=\"1\"><div class=\"t-entry-visual-overlay\"><div class=\"t-entry-visual-overlay-in style-dark-bg\" style=\"opacity: 0.5;\"><\/div><\/div><img decoding=\"async\" class=\"wp-image-2153\" src=\"https:\/\/farinawines.com\/wp-content\/uploads\/2022\/11\/DSC_4247-scaled-uai-765x1020.jpg\" width=\"765\" height=\"1020\" alt=\"\" \/><\/a><\/div>\n\t\t\t\t\t<\/div>\n\t\t\t\t<\/div><\/div><\/div><div class=\"tmb tmb-carousel tmb-iso-h4 tmb-light tmb-overlay-middle tmb-overlay-text-left tmb-image-anim-magnetic tmb-id-2172  tmb-img-ratio tmb-media-first tmb-media-last tmb-content-overlay tmb-no-bg tmb-lightbox\" ><div class=\"t-inside animate_when_almost_visible alpha-anim\" data-speed=\"1000\"><div class=\"t-entry-visual\"><div class=\"t-entry-visual-tc\"><div class=\"t-entry-visual-cont\"><div class=\"dummy\" style=\"padding-top: 133.2%;\"><\/div><a tabindex=\"-1\" href=\"https:\/\/farinawines.com\/wp-content\/uploads\/2022\/11\/FarinaVendemmia2022-09-scaled.jpg\" class=\"pushed\" data-title=\"FarinaVendemmia2022-09\" data-caption=\"\" data-social=\"1\" data-deep=\"gallery-1957685645343\" data-notmb=\"1\" data-lbox=\"ilightbox_gallery-1957685645343\" data-external-thumb-image=\"https:\/\/farinawines.com\/wp-content\/uploads\/2022\/11\/FarinaVendemmia2022-09-150x150.jpg\" data-lg-size=\"680-1020\" data-lb-index=\"2\"><div class=\"t-entry-visual-overlay\"><div class=\"t-entry-visual-overlay-in style-dark-bg\" style=\"opacity: 0.5;\"><\/div><\/div><img decoding=\"async\" class=\"wp-image-2172\" src=\"https:\/\/farinawines.com\/wp-content\/uploads\/2022\/11\/FarinaVendemmia2022-09-scaled-uai-680x906.jpg\" width=\"680\" height=\"906\" alt=\"\" \/><\/a><\/div>\n\t\t\t\t\t<\/div>\n\t\t\t\t<\/div><\/div><\/div>\t\t\t<\/div>\n\t\t\t\t\t<\/div>\n\n\t\n\t\n\t\n<\/div>\n\n<div class=\"empty-space empty-double tablet-hidden mobile-hidden\" ><span class=\"empty-space-inner\"><\/span><\/div>\n<\/div><\/div><\/div><\/div><\/div><script id=\"script-row-unique-4\" data-row=\"script-row-unique-4\" type=\"text\/javascript\" class=\"vc_controls\">UNCODE.initRow(document.getElementById(\"row-unique-4\"));<\/script><\/div><\/div><\/div><div data-parent=\"true\" class=\"vc_row galleryx row-container desktop-hidden tablet-hidden mobile-hidden\" id=\"row-unique-5\"><div class=\"row col-double-gutter double-top-padding double-bottom-padding no-h-padding full-width row-parent\" data-height-ratio=\"full\"><div class=\"wpb_row row-inner\"><div class=\"wpb_column pos-middle pos-center align_left column_parent col-lg-12 double-internal-gutter\"><div class=\"uncol style-dark\"  ><div class=\"uncoltable\"><div class=\"uncell no-block-padding\" ><div class=\"uncont\" ><div class=\"empty-space empty-single tablet-hidden mobile-hidden\" ><span class=\"empty-space-inner\"><\/span><\/div>\n<div class=\"uncode_text_column\" ><div id=\"image-map-pro-4681\"><\/div>\n<\/div><div class=\"empty-space empty-double tablet-hidden mobile-hidden\" ><span class=\"empty-space-inner\"><\/span><\/div>\n<\/div><\/div><\/div><\/div><\/div><script id=\"script-row-unique-5\" data-row=\"script-row-unique-5\" type=\"text\/javascript\" class=\"vc_controls\">UNCODE.initRow(document.getElementById(\"row-unique-5\"));<\/script><\/div><\/div><\/div>\n<\/div>","protected":false},"excerpt":{"rendered":"https:\/\/farinawines.com\/wp-content\/uploads\/2023\/02\/02-clip-viticultura-20s.mp4 ViticolturaUn mosaico di terreni nella Valpolicella Classica.Un mosaico di terreni nella Valpolicella Classica. La famiglia Farina possiede 10 ettari [...]","protected":false},"author":2,"featured_media":4073,"parent":0,"menu_order":0,"comment_status":"closed","ping_status":"closed","template":"","meta":{"_themeisle_gutenberg_block_has_review":false,"footnotes":""},"class_list":["post-2312","page","type-page","status-publish","has-post-thumbnail","hentry"],"_links":{"self":[{"href":"https:\/\/farinawines.com\/en\/wp-json\/wp\/v2\/pages\/2312","targetHints":{"allow":["GET"]}}],"collection":[{"href":"https:\/\/farinawines.com\/en\/wp-json\/wp\/v2\/pages"}],"about":[{"href":"https:\/\/farinawines.com\/en\/wp-json\/wp\/v2\/types\/page"}],"author":[{"embeddable":true,"href":"https:\/\/farinawines.com\/en\/wp-json\/wp\/v2\/users\/2"}],"replies":[{"embeddable":true,"href":"https:\/\/farinawines.com\/en\/wp-json\/wp\/v2\/comments?post=2312"}],"version-history":[{"count":1,"href":"https:\/\/farinawines.com\/en\/wp-json\/wp\/v2\/pages\/2312\/revisions"}],"predecessor-version":[{"id":6719,"href":"https:\/\/farinawines.com\/en\/wp-json\/wp\/v2\/pages\/2312\/revisions\/6719"}],"wp:featuredmedia":[{"embeddable":true,"href":"https:\/\/farinawines.com\/en\/wp-json\/wp\/v2\/media\/4073"}],"wp:attachment":[{"href":"https:\/\/farinawines.com\/en\/wp-json\/wp\/v2\/media?parent=2312"}],"curies":[{"name":"wp","href":"https:\/\/api.w.org\/{rel}","templated":true}]}}